{"id":936,"date":"2023-06-30T08:00:04","date_gmt":"2023-06-30T06:00:04","guid":{"rendered":"http:\/\/homepage.30-jahre-bmp.de\/?page_id=936"},"modified":"2025-12-18T17:08:56","modified_gmt":"2025-12-18T16:08:56","slug":"impressum","status":"publish","type":"page","link":"https:\/\/www.bmp-production.de\/en\/impressum\/","title":{"rendered":"Imprint"},"content":{"rendered":"<div data-elementor-type=\"wp-page\" data-elementor-id=\"936\" class=\"elementor elementor-936\" data-elementor-settings=\"{&quot;element_pack_global_tooltip_width&quot;:{&quot;unit&quot;:&quot;px&quot;,&quot;size&quot;:&quot;&quot;,&quot;sizes&quot;:[]},&quot;element_pack_global_tooltip_width_tablet&quot;:{&quot;unit&quot;:&quot;px&quot;,&quot;size&quot;:&quot;&quot;,&quot;sizes&quot;:[]},&quot;element_pack_global_tooltip_width_mobile&quot;:{&quot;unit&quot;:&quot;px&quot;,&quot;size&quot;:&quot;&quot;,&quot;sizes&quot;:[]},&quot;element_pack_global_tooltip_padding&quot;:{&quot;unit&quot;:&quot;px&quot;,&quot;top&quot;:&quot;&quot;,&quot;right&quot;:&quot;&quot;,&quot;bottom&quot;:&quot;&quot;,&quot;left&quot;:&quot;&quot;,&quot;isLinked&quot;:true},&quot;element_pack_global_tooltip_padding_tablet&quot;:{&quot;unit&quot;:&quot;px&quot;,&quot;top&quot;:&quot;&quot;,&quot;right&quot;:&quot;&quot;,&quot;bottom&quot;:&quot;&quot;,&quot;left&quot;:&quot;&quot;,&quot;isLinked&quot;:true},&quot;element_pack_global_tooltip_padding_mobile&quot;:{&quot;unit&quot;:&quot;px&quot;,&quot;top&quot;:&quot;&quot;,&quot;right&quot;:&quot;&quot;,&quot;bottom&quot;:&quot;&quot;,&quot;left&quot;:&quot;&quot;,&quot;isLinked&quot;:true},&quot;element_pack_global_tooltip_border_radius&quot;:{&quot;unit&quot;:&quot;px&quot;,&quot;top&quot;:&quot;&quot;,&quot;right&quot;:&quot;&quot;,&quot;bottom&quot;:&quot;&quot;,&quot;left&quot;:&quot;&quot;,&quot;isLinked&quot;:true},&quot;element_pack_global_tooltip_border_radius_tablet&quot;:{&quot;unit&quot;:&quot;px&quot;,&quot;top&quot;:&quot;&quot;,&quot;right&quot;:&quot;&quot;,&quot;bottom&quot;:&quot;&quot;,&quot;left&quot;:&quot;&quot;,&quot;isLinked&quot;:true},&quot;element_pack_global_tooltip_border_radius_mobile&quot;:{&quot;unit&quot;:&quot;px&quot;,&quot;top&quot;:&quot;&quot;,&quot;right&quot;:&quot;&quot;,&quot;bottom&quot;:&quot;&quot;,&quot;left&quot;:&quot;&quot;,&quot;isLinked&quot;:true}}\" data-elementor-post-type=\"page\">\n\t\t\t\t\t\t<section data-particle_enable=\"false\" data-particle-mobile-disabled=\"false\" class=\"elementor-section elementor-top-section elementor-element elementor-element-5fe6fbe elementor-section-content-middle elementor-reverse-mobile elementor-section-boxed elementor-section-height-default elementor-section-height-default\" data-id=\"5fe6fbe\" data-element_type=\"section\">\n\t\t\t\t\t\t<div class=\"elementor-container elementor-column-gap-no\">\n\t\t\t\t\t<div class=\"elementor-column elementor-col-50 elementor-top-column elementor-element elementor-element-6551e9c\" data-id=\"6551e9c\" data-element_type=\"column\">\n\t\t\t<div class=\"elementor-widget-wrap elementor-element-populated\">\n\t\t\t\t\t\t<div class=\"elementor-element elementor-element-f8af244 elementor-widget__width-initial elementor-widget-mobile__width-inherit animated-slow elementor-invisible elementor-widget elementor-widget-heading\" data-id=\"f8af244\" data-element_type=\"widget\" data-settings=\"{&quot;_animation&quot;:&quot;fadeIn&quot;}\" data-widget_type=\"heading.default\">\n\t\t\t\t<div class=\"elementor-widget-container\">\n\t\t\t\t\t<h2 class=\"elementor-heading-title elementor-size-default\">Imprint<\/h2>\t\t\t\t<\/div>\n\t\t\t\t<\/div>\n\t\t\t\t<div class=\"elementor-element elementor-element-52f1de1 elementor-align-start elementor-icon-list--layout-traditional elementor-list-item-link-full_width elementor-widget elementor-widget-icon-list\" data-id=\"52f1de1\" data-element_type=\"widget\" data-widget_type=\"icon-list.default\">\n\t\t\t\t<div class=\"elementor-widget-container\">\n\t\t\t\t\t\t\t<ul class=\"elementor-icon-list-items\">\n\t\t\t\t\t\t\t<li class=\"elementor-icon-list-item\">\n\t\t\t\t\t\t\t\t\t\t\t<a href=\"https:\/\/goo.gl\/maps\/dCr9pkjy9tNznqmB9\">\n\n\t\t\t\t\t\t\t\t\t\t\t<span class=\"elementor-icon-list-text\">BMP Production GmbH<\/span>\n\t\t\t\t\t\t\t\t\t\t\t<\/a>\n\t\t\t\t\t\t\t\t\t<\/li>\n\t\t\t\t\t\t\t\t<li class=\"elementor-icon-list-item\">\n\t\t\t\t\t\t\t\t\t\t\t<a href=\"https:\/\/goo.gl\/maps\/dCr9pkjy9tNznqmB9\">\n\n\t\t\t\t\t\t\t\t\t\t\t\t<span class=\"elementor-icon-list-icon\">\n\t\t\t\t\t\t\t<i aria-hidden=\"true\" class=\"fas fa-map-marker-alt\"><\/i>\t\t\t\t\t\t<\/span>\n\t\t\t\t\t\t\t\t\t\t<span class=\"elementor-icon-list-text\">Neuhofer Weiche 48<br>D-19370 Parchim<\/span>\n\t\t\t\t\t\t\t\t\t\t\t<\/a>\n\t\t\t\t\t\t\t\t\t<\/li>\n\t\t\t\t\t\t\t\t<li class=\"elementor-icon-list-item\">\n\t\t\t\t\t\t\t\t\t\t\t<a href=\"tel:+49387163630\">\n\n\t\t\t\t\t\t\t\t\t\t\t\t<span class=\"elementor-icon-list-icon\">\n\t\t\t\t\t\t\t<i aria-hidden=\"true\" class=\"fas fa-phone-alt\"><\/i>\t\t\t\t\t\t<\/span>\n\t\t\t\t\t\t\t\t\t\t<span class=\"elementor-icon-list-text\">+49 (0) 3871 63 63-0<\/span>\n\t\t\t\t\t\t\t\t\t\t\t<\/a>\n\t\t\t\t\t\t\t\t\t<\/li>\n\t\t\t\t\t\t\t\t<li class=\"elementor-icon-list-item\">\n\t\t\t\t\t\t\t\t\t\t\t<span class=\"elementor-icon-list-icon\">\n\t\t\t\t\t\t\t<i aria-hidden=\"true\" class=\"fas fa-envelope\"><\/i>\t\t\t\t\t\t<\/span>\n\t\t\t\t\t\t\t\t\t\t<span class=\"elementor-icon-list-text\">info@bmp-production.de<\/span>\n\t\t\t\t\t\t\t\t\t<\/li>\n\t\t\t\t\t\t<\/ul>\n\t\t\t\t\t\t<\/div>\n\t\t\t\t<\/div>\n\t\t\t\t\t<\/div>\n\t\t<\/div>\n\t\t\t\t<div class=\"elementor-column elementor-col-50 elementor-top-column elementor-element elementor-element-6f7ec98 elementor-invisible\" data-id=\"6f7ec98\" data-element_type=\"column\" data-settings=\"{&quot;animation&quot;:&quot;fadeIn&quot;}\">\n\t\t\t<div class=\"elementor-widget-wrap elementor-element-populated\">\n\t\t\t\t\t\t<div class=\"elementor-element elementor-element-54a942c elementor-widget elementor-widget-image\" data-id=\"54a942c\" data-element_type=\"widget\" data-widget_type=\"image.default\">\n\t\t\t\t<div class=\"elementor-widget-container\">\n\t\t\t\t\t\t\t\t\t\t\t\t\t\t\t<img fetchpriority=\"high\" decoding=\"async\" width=\"900\" height=\"628\" src=\"https:\/\/www.bmp-production.de\/wp-content\/uploads\/2023\/08\/BMP_Kontakt_Hero_01.jpg\" class=\"attachment-full size-full wp-image-2762\" alt=\"\" srcset=\"https:\/\/www.bmp-production.de\/wp-content\/uploads\/2023\/08\/BMP_Kontakt_Hero_01.jpg 900w, https:\/\/www.bmp-production.de\/wp-content\/uploads\/2023\/08\/BMP_Kontakt_Hero_01-300x209.jpg 300w, https:\/\/www.bmp-production.de\/wp-content\/uploads\/2023\/08\/BMP_Kontakt_Hero_01-768x536.jpg 768w\" sizes=\"(max-width: 900px) 100vw, 900px\" \/>\t\t\t\t\t\t\t\t\t\t\t\t\t\t\t<\/div>\n\t\t\t\t<\/div>\n\t\t\t\t\t<\/div>\n\t\t<\/div>\n\t\t\t\t\t<\/div>\n\t\t<\/section>\n\t\t\t\t<section data-particle_enable=\"false\" data-particle-mobile-disabled=\"false\" class=\"elementor-section elementor-top-section elementor-element elementor-element-70439527 elementor-section-content-middle elementor-section-boxed elementor-section-height-default elementor-section-height-default\" data-id=\"70439527\" data-element_type=\"section\" data-settings=\"{&quot;background_background&quot;:&quot;classic&quot;}\">\n\t\t\t\t\t\t<div class=\"elementor-container elementor-column-gap-no\">\n\t\t\t\t\t<div class=\"elementor-column elementor-col-100 elementor-top-column elementor-element elementor-element-6a59c53c\" data-id=\"6a59c53c\" data-element_type=\"column\">\n\t\t\t<div class=\"elementor-widget-wrap elementor-element-populated\">\n\t\t\t\t\t\t<div class=\"elementor-element elementor-element-32fccc1b elementor-widget elementor-widget-text-editor\" data-id=\"32fccc1b\" data-element_type=\"widget\" data-widget_type=\"text-editor.default\">\n\t\t\t\t<div class=\"elementor-widget-container\">\n\t\t\t\t\t\t\t\t\t<p>BMP Production GmbH<\/p><p>Ansprechpartner: Ingo K\u00fcster<\/p><p>Anschrift: Neuhofer Weiche 48, D-19370 Parchim<br \/>E-Mail: info@bmp-production.de<br \/>Telefax: +49 3871 6363-99<br \/>Telefon: +49 3871 6363-0<br \/>Sitz: Parchim<\/p><p>Gesch\u00e4ftsf\u00fchrer: Ingo K\u00fcster<\/p><p>Handelsregister: Schwerin HRB 4271<br \/>USt.-ID: DE 162 40 35 11<br \/>Steuernummer: 090\/106\/00917<\/p><p><strong>AVLB (Allgemeine Verkaufs- und Lieferbedingungen)<\/strong><\/p><p><strong>BMP Externer Datenschutzbeauftragter:<\/strong><br \/>ECOVIS Keller Rechtsanw\u00e4lte PartG mbB\u2028<br \/>Rechtsanwalt Axel Keller \/ Senior Associate Karsten Neumann<br \/>Am Campus 1-11, 18182 Rostock-Bentwisch<br \/>Tel.: 0381 649 210\u2028<br \/>Email: dsb-nord@ecovis.com\u2028<br \/>Web: www.ecovis.com\/datenschutzberater<\/p><p>Konzept, Gestaltung, Entwicklung:<br \/>Elbfactory Designagentur<\/p><p><strong>Copyright<\/strong><br \/>Alle Daten dieser Website genie\u00dfen nach \u00a7 4 und \u00a7 87 a ff UrhG urheberrechtlichen Schutz. Eine Bearbeitung oder Vervielf\u00e4ltigung ist nur soweit zul\u00e4ssig, als dies f\u00fcr deren \u00fcbliche Benutzung erforderlich ist. Jede dar\u00fcber hinausgehende Bearbeitung, Vervielf\u00e4ltigung, Verbreitung und \/ oder \u00f6ffentliche Wiedergabe, insbesondere die ungenehmigte \u00dcbernahme in ein Intranet-Angebot stellt einen Urheberrechtsversto\u00df dar, der strafrechtlich verfolgt werden kann und ggf. zum Schadensersatz verpflichtet.<\/p><p><strong>Disclaimer<\/strong><\/p><p>1. Inhalt des Onlineangebotes<br \/>Die BMP Production GmbH \u00fcbernimmt keinerlei Gew\u00e4hr f\u00fcr die Aktualit\u00e4t, Korrektheit, Vollst\u00e4ndigkeit und Qualit\u00e4t der bereitgestellten Informationen. Haftungsanspr\u00fcche gegen die BMP Production GmbH, welche sich auf Sch\u00e4den materieller oder ideeller Art beziehen, die durch die Nutzung oder Nichtnutzung der dargebotenen Informationen bzw. durch die Nutzung fehlerhafter und unvollst\u00e4ndiger Informationen verursacht wurden, sind grunds\u00e4tzlich ausgeschlossen, sofern seitens des Autors kein nachweislich vors\u00e4tzliches oder grob fahrl\u00e4ssiges Verschulden vorliegt. Alle Angebote sind freibleibend und unverbindlich. Die BMP Production GmbH beh\u00e4lt es sich ausdr\u00fccklich vor, Teile der Seiten oder das gesamte Angebot ohne gesonderte Ank\u00fcndigung zu ver\u00e4ndern, zu erg\u00e4nzen, zu l\u00f6schen oder die Ver\u00f6ffentlichung zeitweise oder endg\u00fcltig einzustellen.<\/p><p>2. Verweise und Links<br \/>Bei direkten oder indirekten Verweisen auf fremde Internetseiten (&#8222;Links&#8220;), die au\u00dferhalb des Verantwortungsbereiches der BMP Production GmbH liegen, w\u00fcrde eine Haftungsverpflichtung ausschlie\u00dflich in dem Fall in Kraft treten, in dem die BMP Production GmbH von den Inhalten Kenntnis hat und es ihr technisch m\u00f6glich und zumutbar w\u00e4re, die Nutzung im Falle rechtswidriger Inhalte zu verhindern. Der Autor erkl\u00e4rt daher ausdr\u00fccklich, dass zum Zeitpunkt der Linksetzung die entsprechenden verlinkten Seiten frei von illegalen Inhalten waren. Die BMP Production GmbH hat keinerlei Einfluss auf die aktuelle und zuk\u00fcnftige Gestaltung sowie auf die Inhalte der gelinkten \/ verkn\u00fcpften Seiten. Deshalb distanziert sie sich hiermit ausdr\u00fccklich von allen Inhalten aller gelinkten \/verkn\u00fcpften Seiten, die nach der Linksetzung ver\u00e4ndert wurden. Diese Feststellung gilt f\u00fcr alle innerhalb des eigenen Internetangebotes gesetzten Links und Verweise sowie f\u00fcr Fremdeintr\u00e4ge in den von BMP Production GmbH eingerichteten G\u00e4steb\u00fcchern, Diskussionsforen und Mailinglisten. F\u00fcr illegale, fehlerhafte und unvollst\u00e4ndige Inhalte sowie insbesondere f\u00fcr Sch\u00e4den, die aus der Nutzung oder Nichtnutzung solcher Art dargebotener Informationen entstehen, haftet allein der Anbieter der Seite, auf welche verwiesen wurde, nicht derjenige, der \u00fcber Links auf die jeweilige Ver\u00f6ffentlichung lediglich verweist.<\/p><p>3. Urheber- und Kennzeichenrecht<br \/>Die BMP Production GmbH ist bestrebt, in allen Publikationen die Urheberrechte der verwendeten Grafiken, Tondokumente, Videosequenzen und Texte zu beachten, von ihr selbst erstellte Grafiken, Tondokumente, Videosequenzen und Texte zu nutzen oder auf lizenzfreie Grafiken, Tondokumente, Videosequenzen und Texte zur\u00fcckzugreifen. Alle innerhalb des Internetangebotes genannten und ggf. durch Dritte gesch\u00fctzten Marken- und Warenzeichen unterliegen uneingeschr\u00e4nkt den Bestimmungen des jeweils g\u00fcltigen Kennzeichenrechts und den Besitzrechten der jeweiligen eingetragenen Eigent\u00fcmer. Allein aufgrund der blo\u00dfen Nennung ist nicht der Schluss zu ziehen, dass Markenzeichen nicht durch Rechte Dritter gesch\u00fctzt sind. Das Copyright f\u00fcr ver\u00f6ffentlichte, von der BMP Production GmbH selbst erstellte Objekte bleibt allein bei der BMP Production GmbH. Eine Vervielf\u00e4ltigung oder Verwendung solcher Grafiken, Tondokumente, Videosequenzen und Texte in anderen elektronischen oder gedruckten Publikationen ist ohne ausdr\u00fcckliche Zustimmung der BMP Production GmbH nicht gestattet.<\/p><p>4. Rechtswirksamkeit dieses Haftungsausschlusses<br \/>Dieser Haftungsausschluss ist als Teil des Internetangebotes zu betrachten, von dem aus auf diese Seite verwiesen wurde. Sofern Teile oder einzelne Formulierungen dieses Textes der geltenden Rechtslage nicht, nicht mehr oder nicht vollst\u00e4ndig entsprechen sollten, bleiben die \u00fcbrigen Teile des Dokumentes in ihrem Inhalt und ihrer G\u00fcltigkeit davon unber\u00fchrt.<\/p><p>Quelle: www.disclaimer.de<\/p>\t\t\t\t\t\t\t\t<\/div>\n\t\t\t\t<\/div>\n\t\t\t\t\t<\/div>\n\t\t<\/div>\n\t\t\t\t\t<\/div>\n\t\t<\/section>\n\t\t\t\t<\/div>","protected":false},"excerpt":{"rendered":"<p>Impressum BMP Production GmbH Neuhofer Weiche 48D-19370 Parchim +49 (0) 3871 63 63-0 info@bmp-production.de BMP Production GmbH Ansprechpartner: Ingo K\u00fcster Anschrift: Neuhofer Weiche 48, D-19370 ParchimE-Mail: info@bmp-production.deTelefax: +49 3871 6363-99Telefon: +49 3871 6363-0Sitz: Parchim Gesch\u00e4ftsf\u00fchrer: Ingo K\u00fcster Handelsregister: Schwerin HRB 4271USt.-ID: DE 162 40 35 11Steuernummer: 090\/106\/00917 AVLB (Allgemeine Verkaufs- und Lieferbedingungen) BMP Externer Datenschutzbeauftragter:ECOVIS [&hellip;]<\/p>","protected":false},"author":1,"featured_media":0,"parent":0,"menu_order":0,"comment_status":"closed","ping_status":"closed","template":"elementor_header_footer","meta":{"footnotes":""},"class_list":["post-936","page","type-page","status-publish","hentry"],"yoast_head":"<!-- This site is optimized with the Yoast SEO plugin v26.8 - https:\/\/yoast.com\/product\/yoast-seo-wordpress\/ -->\n<title>Impressum - BMP Production GmbH<\/title>\n<meta name=\"robots\" content=\"index, follow, max-snippet:-1, max-image-preview:large, max-video-preview:-1\" \/>\n<link rel=\"canonical\" href=\"https:\/\/www.bmp-production.de\/en\/impressum\/\" \/>\n<meta property=\"og:locale\" content=\"en_GB\" \/>\n<meta property=\"og:type\" content=\"article\" \/>\n<meta property=\"og:title\" content=\"Impressum - BMP Production GmbH\" \/>\n<meta property=\"og:description\" content=\"Impressum BMP Production GmbH Neuhofer Weiche 48D-19370 Parchim +49 (0) 3871 63 63-0 info@bmp-production.de BMP Production GmbH Ansprechpartner: Ingo K\u00fcster Anschrift: Neuhofer Weiche 48, D-19370 ParchimE-Mail: info@bmp-production.deTelefax: +49 3871 6363-99Telefon: +49 3871 6363-0Sitz: Parchim Gesch\u00e4ftsf\u00fchrer: Ingo K\u00fcster Handelsregister: Schwerin HRB 4271USt.-ID: DE 162 40 35 11Steuernummer: 090\/106\/00917 AVLB (Allgemeine Verkaufs- und Lieferbedingungen) BMP Externer Datenschutzbeauftragter:ECOVIS [&hellip;]\" \/>\n<meta property=\"og:url\" content=\"https:\/\/www.bmp-production.de\/en\/impressum\/\" \/>\n<meta property=\"og:site_name\" content=\"BMP Production GmbH\" \/>\n<meta property=\"article:modified_time\" content=\"2025-12-18T16:08:56+00:00\" \/>\n<meta property=\"og:image\" content=\"http:\/\/bmptest.30-jahre-bmp.de\/wp-content\/uploads\/2023\/08\/BMP_Kontakt_Hero_01.jpg\" \/>\n<meta name=\"twitter:card\" content=\"summary_large_image\" \/>\n<meta name=\"twitter:label1\" content=\"Estimated reading time\" \/>\n\t<meta name=\"twitter:data1\" content=\"4 minutes\" \/>\n<script type=\"application\/ld+json\" class=\"yoast-schema-graph\">{\"@context\":\"https:\/\/schema.org\",\"@graph\":[{\"@type\":\"WebPage\",\"@id\":\"https:\/\/www.bmp-production.de\/impressum\/\",\"url\":\"https:\/\/www.bmp-production.de\/impressum\/\",\"name\":\"Impressum - BMP Production GmbH\",\"isPartOf\":{\"@id\":\"https:\/\/www.bmp-production.de\/en\/#website\"},\"primaryImageOfPage\":{\"@id\":\"https:\/\/www.bmp-production.de\/impressum\/#primaryimage\"},\"image\":{\"@id\":\"https:\/\/www.bmp-production.de\/impressum\/#primaryimage\"},\"thumbnailUrl\":\"http:\/\/bmptest.30-jahre-bmp.de\/wp-content\/uploads\/2023\/08\/BMP_Kontakt_Hero_01.jpg\",\"datePublished\":\"2023-06-30T06:00:04+00:00\",\"dateModified\":\"2025-12-18T16:08:56+00:00\",\"breadcrumb\":{\"@id\":\"https:\/\/www.bmp-production.de\/impressum\/#breadcrumb\"},\"inLanguage\":\"en-GB\",\"potentialAction\":[{\"@type\":\"ReadAction\",\"target\":[\"https:\/\/www.bmp-production.de\/impressum\/\"]}]},{\"@type\":\"ImageObject\",\"inLanguage\":\"en-GB\",\"@id\":\"https:\/\/www.bmp-production.de\/impressum\/#primaryimage\",\"url\":\"http:\/\/bmptest.30-jahre-bmp.de\/wp-content\/uploads\/2023\/08\/BMP_Kontakt_Hero_01.jpg\",\"contentUrl\":\"http:\/\/bmptest.30-jahre-bmp.de\/wp-content\/uploads\/2023\/08\/BMP_Kontakt_Hero_01.jpg\"},{\"@type\":\"BreadcrumbList\",\"@id\":\"https:\/\/www.bmp-production.de\/impressum\/#breadcrumb\",\"itemListElement\":[{\"@type\":\"ListItem\",\"position\":1,\"name\":\"Startseite\",\"item\":\"https:\/\/www.bmp-production.de\/en\/\"},{\"@type\":\"ListItem\",\"position\":2,\"name\":\"Impressum\"}]},{\"@type\":\"WebSite\",\"@id\":\"https:\/\/www.bmp-production.de\/en\/#website\",\"url\":\"https:\/\/www.bmp-production.de\/en\/\",\"name\":\"BMP Production GmbH\",\"description\":\"Lohnhersteller f\u00fcr Pharma &amp; Lebensmittel\",\"publisher\":{\"@id\":\"https:\/\/www.bmp-production.de\/en\/#organization\"},\"potentialAction\":[{\"@type\":\"SearchAction\",\"target\":{\"@type\":\"EntryPoint\",\"urlTemplate\":\"https:\/\/www.bmp-production.de\/en\/?s={search_term_string}\"},\"query-input\":{\"@type\":\"PropertyValueSpecification\",\"valueRequired\":true,\"valueName\":\"search_term_string\"}}],\"inLanguage\":\"en-GB\"},{\"@type\":\"Organization\",\"@id\":\"https:\/\/www.bmp-production.de\/en\/#organization\",\"name\":\"BMP Production GmbH\",\"url\":\"https:\/\/www.bmp-production.de\/en\/\",\"logo\":{\"@type\":\"ImageObject\",\"inLanguage\":\"en-GB\",\"@id\":\"https:\/\/www.bmp-production.de\/en\/#\/schema\/logo\/image\/\",\"url\":\"http:\/\/bmptest.30-jahre-bmp.de\/wp-content\/uploads\/2023\/06\/BMP_Production_Logo_Pos_RGB_600px.png\",\"contentUrl\":\"http:\/\/bmptest.30-jahre-bmp.de\/wp-content\/uploads\/2023\/06\/BMP_Production_Logo_Pos_RGB_600px.png\",\"width\":600,\"height\":213,\"caption\":\"BMP Production GmbH\"},\"image\":{\"@id\":\"https:\/\/www.bmp-production.de\/en\/#\/schema\/logo\/image\/\"}}]}<\/script>\n<!-- \/ Yoast SEO plugin. -->","yoast_head_json":{"title":"Impressum - BMP Production GmbH","robots":{"index":"index","follow":"follow","max-snippet":"max-snippet:-1","max-image-preview":"max-image-preview:large","max-video-preview":"max-video-preview:-1"},"canonical":"https:\/\/www.bmp-production.de\/en\/impressum\/","og_locale":"en_GB","og_type":"article","og_title":"Impressum - BMP Production GmbH","og_description":"Impressum BMP Production GmbH Neuhofer Weiche 48D-19370 Parchim +49 (0) 3871 63 63-0 info@bmp-production.de BMP Production GmbH Ansprechpartner: Ingo K\u00fcster Anschrift: Neuhofer Weiche 48, D-19370 ParchimE-Mail: info@bmp-production.deTelefax: +49 3871 6363-99Telefon: +49 3871 6363-0Sitz: Parchim Gesch\u00e4ftsf\u00fchrer: Ingo K\u00fcster Handelsregister: Schwerin HRB 4271USt.-ID: DE 162 40 35 11Steuernummer: 090\/106\/00917 AVLB (Allgemeine Verkaufs- und Lieferbedingungen) BMP Externer Datenschutzbeauftragter:ECOVIS [&hellip;]","og_url":"https:\/\/www.bmp-production.de\/en\/impressum\/","og_site_name":"BMP Production GmbH","article_modified_time":"2025-12-18T16:08:56+00:00","og_image":[{"url":"http:\/\/bmptest.30-jahre-bmp.de\/wp-content\/uploads\/2023\/08\/BMP_Kontakt_Hero_01.jpg","type":"","width":"","height":""}],"twitter_card":"summary_large_image","twitter_misc":{"Estimated reading time":"4 minutes"},"schema":{"@context":"https:\/\/schema.org","@graph":[{"@type":"WebPage","@id":"https:\/\/www.bmp-production.de\/impressum\/","url":"https:\/\/www.bmp-production.de\/impressum\/","name":"Impressum - BMP Production GmbH","isPartOf":{"@id":"https:\/\/www.bmp-production.de\/en\/#website"},"primaryImageOfPage":{"@id":"https:\/\/www.bmp-production.de\/impressum\/#primaryimage"},"image":{"@id":"https:\/\/www.bmp-production.de\/impressum\/#primaryimage"},"thumbnailUrl":"http:\/\/bmptest.30-jahre-bmp.de\/wp-content\/uploads\/2023\/08\/BMP_Kontakt_Hero_01.jpg","datePublished":"2023-06-30T06:00:04+00:00","dateModified":"2025-12-18T16:08:56+00:00","breadcrumb":{"@id":"https:\/\/www.bmp-production.de\/impressum\/#breadcrumb"},"inLanguage":"en-GB","potentialAction":[{"@type":"ReadAction","target":["https:\/\/www.bmp-production.de\/impressum\/"]}]},{"@type":"ImageObject","inLanguage":"en-GB","@id":"https:\/\/www.bmp-production.de\/impressum\/#primaryimage","url":"http:\/\/bmptest.30-jahre-bmp.de\/wp-content\/uploads\/2023\/08\/BMP_Kontakt_Hero_01.jpg","contentUrl":"http:\/\/bmptest.30-jahre-bmp.de\/wp-content\/uploads\/2023\/08\/BMP_Kontakt_Hero_01.jpg"},{"@type":"BreadcrumbList","@id":"https:\/\/www.bmp-production.de\/impressum\/#breadcrumb","itemListElement":[{"@type":"ListItem","position":1,"name":"Startseite","item":"https:\/\/www.bmp-production.de\/en\/"},{"@type":"ListItem","position":2,"name":"Impressum"}]},{"@type":"WebSite","@id":"https:\/\/www.bmp-production.de\/en\/#website","url":"https:\/\/www.bmp-production.de\/en\/","name":"BMP Production GmbH","description":"Lohnhersteller f\u00fcr Pharma &amp; Lebensmittel","publisher":{"@id":"https:\/\/www.bmp-production.de\/en\/#organization"},"potentialAction":[{"@type":"SearchAction","target":{"@type":"EntryPoint","urlTemplate":"https:\/\/www.bmp-production.de\/en\/?s={search_term_string}"},"query-input":{"@type":"PropertyValueSpecification","valueRequired":true,"valueName":"search_term_string"}}],"inLanguage":"en-GB"},{"@type":"Organization","@id":"https:\/\/www.bmp-production.de\/en\/#organization","name":"BMP Production GmbH","url":"https:\/\/www.bmp-production.de\/en\/","logo":{"@type":"ImageObject","inLanguage":"en-GB","@id":"https:\/\/www.bmp-production.de\/en\/#\/schema\/logo\/image\/","url":"http:\/\/bmptest.30-jahre-bmp.de\/wp-content\/uploads\/2023\/06\/BMP_Production_Logo_Pos_RGB_600px.png","contentUrl":"http:\/\/bmptest.30-jahre-bmp.de\/wp-content\/uploads\/2023\/06\/BMP_Production_Logo_Pos_RGB_600px.png","width":600,"height":213,"caption":"BMP Production GmbH"},"image":{"@id":"https:\/\/www.bmp-production.de\/en\/#\/schema\/logo\/image\/"}}]}},"_links":{"self":[{"href":"https:\/\/www.bmp-production.de\/en\/wp-json\/wp\/v2\/pages\/936","targetHints":{"allow":["GET"]}}],"collection":[{"href":"https:\/\/www.bmp-production.de\/en\/wp-json\/wp\/v2\/pages"}],"about":[{"href":"https:\/\/www.bmp-production.de\/en\/wp-json\/wp\/v2\/types\/page"}],"author":[{"embeddable":true,"href":"https:\/\/www.bmp-production.de\/en\/wp-json\/wp\/v2\/users\/1"}],"replies":[{"embeddable":true,"href":"https:\/\/www.bmp-production.de\/en\/wp-json\/wp\/v2\/comments?post=936"}],"version-history":[{"count":19,"href":"https:\/\/www.bmp-production.de\/en\/wp-json\/wp\/v2\/pages\/936\/revisions"}],"predecessor-version":[{"id":6611,"href":"https:\/\/www.bmp-production.de\/en\/wp-json\/wp\/v2\/pages\/936\/revisions\/6611"}],"wp:attachment":[{"href":"https:\/\/www.bmp-production.de\/en\/wp-json\/wp\/v2\/media?parent=936"}],"curies":[{"name":"wp","href":"https:\/\/api.w.org\/{rel}","templated":true}]}}