{"id":2324,"date":"2023-08-27T16:34:18","date_gmt":"2023-08-27T14:34:18","guid":{"rendered":"http:\/\/homepage.30-jahre-bmp.de\/?page_id=2324"},"modified":"2024-10-28T16:51:28","modified_gmt":"2024-10-28T15:51:28","slug":"konformitaet-registrierung","status":"publish","type":"page","link":"https:\/\/www.bmp-production.de\/en\/qualitaet\/konformitaet-registrierung\/","title":{"rendered":"Comformity &amp; registration"},"content":{"rendered":"<div data-elementor-type=\"wp-page\" data-elementor-id=\"2324\" class=\"elementor elementor-2324\" data-elementor-settings=\"{&quot;element_pack_global_tooltip_width&quot;:{&quot;unit&quot;:&quot;px&quot;,&quot;size&quot;:&quot;&quot;,&quot;sizes&quot;:[]},&quot;element_pack_global_tooltip_width_tablet&quot;:{&quot;unit&quot;:&quot;px&quot;,&quot;size&quot;:&quot;&quot;,&quot;sizes&quot;:[]},&quot;element_pack_global_tooltip_width_mobile&quot;:{&quot;unit&quot;:&quot;px&quot;,&quot;size&quot;:&quot;&quot;,&quot;sizes&quot;:[]},&quot;element_pack_global_tooltip_padding&quot;:{&quot;unit&quot;:&quot;px&quot;,&quot;top&quot;:&quot;&quot;,&quot;right&quot;:&quot;&quot;,&quot;bottom&quot;:&quot;&quot;,&quot;left&quot;:&quot;&quot;,&quot;isLinked&quot;:true},&quot;element_pack_global_tooltip_padding_tablet&quot;:{&quot;unit&quot;:&quot;px&quot;,&quot;top&quot;:&quot;&quot;,&quot;right&quot;:&quot;&quot;,&quot;bottom&quot;:&quot;&quot;,&quot;left&quot;:&quot;&quot;,&quot;isLinked&quot;:true},&quot;element_pack_global_tooltip_padding_mobile&quot;:{&quot;unit&quot;:&quot;px&quot;,&quot;top&quot;:&quot;&quot;,&quot;right&quot;:&quot;&quot;,&quot;bottom&quot;:&quot;&quot;,&quot;left&quot;:&quot;&quot;,&quot;isLinked&quot;:true},&quot;element_pack_global_tooltip_border_radius&quot;:{&quot;unit&quot;:&quot;px&quot;,&quot;top&quot;:&quot;&quot;,&quot;right&quot;:&quot;&quot;,&quot;bottom&quot;:&quot;&quot;,&quot;left&quot;:&quot;&quot;,&quot;isLinked&quot;:true},&quot;element_pack_global_tooltip_border_radius_tablet&quot;:{&quot;unit&quot;:&quot;px&quot;,&quot;top&quot;:&quot;&quot;,&quot;right&quot;:&quot;&quot;,&quot;bottom&quot;:&quot;&quot;,&quot;left&quot;:&quot;&quot;,&quot;isLinked&quot;:true},&quot;element_pack_global_tooltip_border_radius_mobile&quot;:{&quot;unit&quot;:&quot;px&quot;,&quot;top&quot;:&quot;&quot;,&quot;right&quot;:&quot;&quot;,&quot;bottom&quot;:&quot;&quot;,&quot;left&quot;:&quot;&quot;,&quot;isLinked&quot;:true}}\" data-elementor-post-type=\"page\">\n\t\t\t\t\t\t<section data-particle_enable=\"false\" data-particle-mobile-disabled=\"false\" class=\"elementor-section elementor-top-section elementor-element elementor-element-90cce7b elementor-section-content-middle elementor-reverse-mobile elementor-section-boxed elementor-section-height-default elementor-section-height-default\" data-id=\"90cce7b\" data-element_type=\"section\">\n\t\t\t\t\t\t<div class=\"elementor-container elementor-column-gap-no\">\n\t\t\t\t\t<div class=\"elementor-column elementor-col-50 elementor-top-column elementor-element elementor-element-91d43f3\" data-id=\"91d43f3\" data-element_type=\"column\">\n\t\t\t<div class=\"elementor-widget-wrap elementor-element-populated\">\n\t\t\t\t\t\t<div class=\"elementor-element elementor-element-45e1c4a elementor-widget__width-initial elementor-widget-mobile__width-inherit animated-slow elementor-invisible elementor-widget elementor-widget-heading\" data-id=\"45e1c4a\" data-element_type=\"widget\" data-settings=\"{&quot;_animation&quot;:&quot;fadeIn&quot;}\" data-widget_type=\"heading.default\">\n\t\t\t\t<div class=\"elementor-widget-container\">\n\t\t\t\t\t<h2 class=\"elementor-heading-title elementor-size-default\">Conformity and registration<\/h2>\t\t\t\t<\/div>\n\t\t\t\t<\/div>\n\t\t\t\t<div class=\"elementor-element elementor-element-db0dab4 elementor-widget__width-initial elementor-widget-mobile__width-inherit animated-slow elementor-invisible elementor-widget elementor-widget-heading\" data-id=\"db0dab4\" data-element_type=\"widget\" data-settings=\"{&quot;_animation&quot;:&quot;fadeIn&quot;,&quot;_animation_delay&quot;:200}\" data-widget_type=\"heading.default\">\n\t\t\t\t<div class=\"elementor-widget-container\">\n\t\t\t\t\t<p class=\"elementor-heading-title elementor-size-default\">We know a lot about rules.<\/p>\t\t\t\t<\/div>\n\t\t\t\t<\/div>\n\t\t\t\t<div class=\"elementor-element elementor-element-d87557e elementor-widget elementor-widget-text-editor\" data-id=\"d87557e\" data-element_type=\"widget\" data-widget_type=\"text-editor.default\">\n\t\t\t\t<div class=\"elementor-widget-container\">\n\t\t\t\t\t\t\t\t\t<p>Our QM team is already involved in your project when we are still in the development phase, they support answering potential questions on usage of ingredients, on registration issues or necessary import or export documents. After 30 years in international business, we know where to trace critical milestones on our way from the idea to a final product in your shelf. With growing regulation, the need to find good solutions is bigger than ever.<\/p><p>The regulatory handling of supplements, medical products and pharmaceuticals varies a lot from country to country. We support your authorization and registration journey until the product is on your target market.<\/p>\t\t\t\t\t\t\t\t<\/div>\n\t\t\t\t<\/div>\n\t\t\t\t\t<\/div>\n\t\t<\/div>\n\t\t\t\t<div class=\"elementor-column elementor-col-50 elementor-top-column elementor-element elementor-element-d06b2cb elementor-invisible\" data-id=\"d06b2cb\" data-element_type=\"column\" data-settings=\"{&quot;animation&quot;:&quot;fadeIn&quot;}\">\n\t\t\t<div class=\"elementor-widget-wrap elementor-element-populated\">\n\t\t\t\t\t\t<div class=\"elementor-element elementor-element-e5da898 elementor-widget elementor-widget-image\" data-id=\"e5da898\" data-element_type=\"widget\" data-widget_type=\"image.default\">\n\t\t\t\t<div class=\"elementor-widget-container\">\n\t\t\t\t\t\t\t\t\t\t\t\t\t\t\t<img fetchpriority=\"high\" decoding=\"async\" width=\"900\" height=\"900\" src=\"https:\/\/www.bmp-production.de\/wp-content\/uploads\/2024\/10\/BMP_Konformitaet-Registrierung_Hero_01.jpg\" class=\"attachment-full size-full wp-image-5959\" alt=\"\" srcset=\"https:\/\/www.bmp-production.de\/wp-content\/uploads\/2024\/10\/BMP_Konformitaet-Registrierung_Hero_01.jpg 900w, https:\/\/www.bmp-production.de\/wp-content\/uploads\/2024\/10\/BMP_Konformitaet-Registrierung_Hero_01-300x300.jpg 300w, https:\/\/www.bmp-production.de\/wp-content\/uploads\/2024\/10\/BMP_Konformitaet-Registrierung_Hero_01-150x150.jpg 150w, https:\/\/www.bmp-production.de\/wp-content\/uploads\/2024\/10\/BMP_Konformitaet-Registrierung_Hero_01-768x768.jpg 768w, https:\/\/www.bmp-production.de\/wp-content\/uploads\/2024\/10\/BMP_Konformitaet-Registrierung_Hero_01-12x12.jpg 12w\" sizes=\"(max-width: 900px) 100vw, 900px\" \/>\t\t\t\t\t\t\t\t\t\t\t\t\t\t\t<\/div>\n\t\t\t\t<\/div>\n\t\t\t\t\t<\/div>\n\t\t<\/div>\n\t\t\t\t\t<\/div>\n\t\t<\/section>\n\t\t\t\t<section data-particle_enable=\"false\" data-particle-mobile-disabled=\"false\" class=\"elementor-section elementor-top-section elementor-element elementor-element-451bcc1 elementor-section-content-middle elementor-section-boxed elementor-section-height-default elementor-section-height-default\" data-id=\"451bcc1\" data-element_type=\"section\" data-settings=\"{&quot;background_background&quot;:&quot;classic&quot;}\">\n\t\t\t\t\t\t<div class=\"elementor-container elementor-column-gap-no\">\n\t\t\t\t\t<div class=\"elementor-column elementor-col-50 elementor-top-column elementor-element elementor-element-b558cad elementor-invisible\" data-id=\"b558cad\" data-element_type=\"column\" data-settings=\"{&quot;background_background&quot;:&quot;classic&quot;,&quot;animation&quot;:&quot;fadeInLeft&quot;}\">\n\t\t\t<div class=\"elementor-widget-wrap elementor-element-populated\">\n\t\t\t\t\t\t<div class=\"elementor-element elementor-element-9431954 elementor-widget__width-initial elementor-widget-mobile__width-inherit animated-slow elementor-widget elementor-widget-heading\" data-id=\"9431954\" data-element_type=\"widget\" data-settings=\"{&quot;_animation&quot;:&quot;none&quot;}\" data-widget_type=\"heading.default\">\n\t\t\t\t<div class=\"elementor-widget-container\">\n\t\t\t\t\t<h2 class=\"elementor-heading-title elementor-size-default\">Learn more on how we can support you.<\/h2>\t\t\t\t<\/div>\n\t\t\t\t<\/div>\n\t\t\t\t<div class=\"elementor-element elementor-element-9ee9cb0 elementor-widget__width-initial elementor-widget-mobile__width-inherit elementor-widget elementor-widget-heading\" data-id=\"9ee9cb0\" data-element_type=\"widget\" data-widget_type=\"heading.default\">\n\t\t\t\t<div class=\"elementor-widget-container\">\n\t\t\t\t\t<p class=\"elementor-heading-title elementor-size-default\">Speak to our QM experts about your quality requirements. <\/p>\t\t\t\t<\/div>\n\t\t\t\t<\/div>\n\t\t\t\t<div class=\"elementor-element elementor-element-a77309b elementor-invisible elementor-widget elementor-widget-eael-creative-button\" data-id=\"a77309b\" data-element_type=\"widget\" data-settings=\"{&quot;_animation&quot;:&quot;fadeIn&quot;}\" data-widget_type=\"eael-creative-button.default\">\n\t\t\t\t<div class=\"elementor-widget-container\">\n\t\t\t\t\t        <div class=\"eael-creative-button-wrapper\">\n\n            <a class=\"eael-creative-button eael-creative-button--antiman\" href=\"https:\/\/www.bmp-production.de\/en\/anfrage\/\" data-text=\"Los geht&#039;s\">\n            \t    \n                <div class=\"creative-button-inner\">\n\n                    \n                    <span class=\"cretive-button-text\">Ask your question<\/span>\n\n                                    <\/div>\n\t                        <\/a>\n        <\/div>\n        \t\t\t\t<\/div>\n\t\t\t\t<\/div>\n\t\t\t\t\t<\/div>\n\t\t<\/div>\n\t\t\t\t<div class=\"elementor-column elementor-col-50 elementor-top-column elementor-element elementor-element-9eadd91 elementor-invisible\" data-id=\"9eadd91\" data-element_type=\"column\" data-settings=\"{&quot;background_background&quot;:&quot;classic&quot;,&quot;animation&quot;:&quot;fadeInRight&quot;}\">\n\t\t\t<div class=\"elementor-widget-wrap elementor-element-populated\">\n\t\t\t\t\t<div class=\"elementor-background-overlay\"><\/div>\n\t\t\t\t\t\t<div class=\"elementor-element elementor-element-13f235a elementor-widget elementor-widget-image\" data-id=\"13f235a\" data-element_type=\"widget\" data-widget_type=\"image.default\">\n\t\t\t\t<div class=\"elementor-widget-container\">\n\t\t\t\t\t\t\t\t\t\t\t\t\t\t\t<img decoding=\"async\" width=\"800\" height=\"558\" src=\"https:\/\/www.bmp-production.de\/wp-content\/uploads\/2024\/10\/BMP_Produktentwicklung_Meeting.jpg\" class=\"attachment-large size-large wp-image-5925\" alt=\"\" srcset=\"https:\/\/www.bmp-production.de\/wp-content\/uploads\/2024\/10\/BMP_Produktentwicklung_Meeting.jpg 900w, https:\/\/www.bmp-production.de\/wp-content\/uploads\/2024\/10\/BMP_Produktentwicklung_Meeting-300x209.jpg 300w, https:\/\/www.bmp-production.de\/wp-content\/uploads\/2024\/10\/BMP_Produktentwicklung_Meeting-768x536.jpg 768w, https:\/\/www.bmp-production.de\/wp-content\/uploads\/2024\/10\/BMP_Produktentwicklung_Meeting-18x12.jpg 18w\" sizes=\"(max-width: 800px) 100vw, 800px\" \/>\t\t\t\t\t\t\t\t\t\t\t\t\t\t\t<\/div>\n\t\t\t\t<\/div>\n\t\t\t\t\t<\/div>\n\t\t<\/div>\n\t\t\t\t\t<\/div>\n\t\t<\/section>\n\t\t\t\t<\/div>","protected":false},"excerpt":{"rendered":"<p>Konformit\u00e4t &amp; Registrierung Mit Regeln kennen wir uns aus. Unser QM-Team ist bereits im Entwicklungsprozess Ihres Neuproduktes eingebunden und unterst\u00fctzt bei Fragen zu Regulatory Affairs. Mit 30 Jahren Erfahrung wissen wir, wo die kritischen Meilensteine auf dem Weg von der Idee zum finalen Produkt sein k\u00f6nnen. Das gilt heute und zuk\u00fcnftig st\u00e4rker denn je, da [&hellip;]<\/p>","protected":false},"author":1,"featured_media":0,"parent":88,"menu_order":0,"comment_status":"closed","ping_status":"closed","template":"elementor_header_footer","meta":{"footnotes":""},"class_list":["post-2324","page","type-page","status-publish","hentry"],"yoast_head":"<!-- This site is optimized with the Yoast SEO plugin v26.8 - https:\/\/yoast.com\/product\/yoast-seo-wordpress\/ -->\n<title>Konformit\u00e4t &amp; Registrierung - BMP Production GmbH<\/title>\n<meta name=\"robots\" content=\"index, follow, max-snippet:-1, max-image-preview:large, max-video-preview:-1\" \/>\n<link rel=\"canonical\" href=\"https:\/\/www.bmp-production.de\/en\/qualitaet\/konformitaet-registrierung\/\" \/>\n<meta property=\"og:locale\" content=\"en_GB\" \/>\n<meta property=\"og:type\" content=\"article\" \/>\n<meta property=\"og:title\" content=\"Konformit\u00e4t &amp; Registrierung - BMP Production GmbH\" \/>\n<meta property=\"og:description\" content=\"Konformit\u00e4t &amp; Registrierung Mit Regeln kennen wir uns aus. Unser QM-Team ist bereits im Entwicklungsprozess Ihres Neuproduktes eingebunden und unterst\u00fctzt bei Fragen zu Regulatory Affairs. Mit 30 Jahren Erfahrung wissen wir, wo die kritischen Meilensteine auf dem Weg von der Idee zum finalen Produkt sein k\u00f6nnen. Das gilt heute und zuk\u00fcnftig st\u00e4rker denn je, da [&hellip;]\" \/>\n<meta property=\"og:url\" content=\"https:\/\/www.bmp-production.de\/en\/qualitaet\/konformitaet-registrierung\/\" \/>\n<meta property=\"og:site_name\" content=\"BMP Production GmbH\" \/>\n<meta property=\"article:modified_time\" content=\"2024-10-28T15:51:28+00:00\" \/>\n<meta property=\"og:image\" content=\"http:\/\/bmptest.30-jahre-bmp.de\/wp-content\/uploads\/2024\/10\/BMP_Konformitaet-Registrierung_Hero_01.jpg\" \/>\n<meta name=\"twitter:card\" content=\"summary_large_image\" \/>\n<meta name=\"twitter:label1\" content=\"Estimated reading time\" \/>\n\t<meta name=\"twitter:data1\" content=\"1 minute\" \/>\n<script type=\"application\/ld+json\" class=\"yoast-schema-graph\">{\"@context\":\"https:\/\/schema.org\",\"@graph\":[{\"@type\":\"WebPage\",\"@id\":\"https:\/\/www.bmp-production.de\/qualitaet\/konformitaet-registrierung\/\",\"url\":\"https:\/\/www.bmp-production.de\/qualitaet\/konformitaet-registrierung\/\",\"name\":\"Konformit\u00e4t & Registrierung - BMP Production GmbH\",\"isPartOf\":{\"@id\":\"https:\/\/www.bmp-production.de\/en\/#website\"},\"primaryImageOfPage\":{\"@id\":\"https:\/\/www.bmp-production.de\/qualitaet\/konformitaet-registrierung\/#primaryimage\"},\"image\":{\"@id\":\"https:\/\/www.bmp-production.de\/qualitaet\/konformitaet-registrierung\/#primaryimage\"},\"thumbnailUrl\":\"http:\/\/bmptest.30-jahre-bmp.de\/wp-content\/uploads\/2024\/10\/BMP_Konformitaet-Registrierung_Hero_01.jpg\",\"datePublished\":\"2023-08-27T14:34:18+00:00\",\"dateModified\":\"2024-10-28T15:51:28+00:00\",\"breadcrumb\":{\"@id\":\"https:\/\/www.bmp-production.de\/qualitaet\/konformitaet-registrierung\/#breadcrumb\"},\"inLanguage\":\"en-GB\",\"potentialAction\":[{\"@type\":\"ReadAction\",\"target\":[\"https:\/\/www.bmp-production.de\/qualitaet\/konformitaet-registrierung\/\"]}]},{\"@type\":\"ImageObject\",\"inLanguage\":\"en-GB\",\"@id\":\"https:\/\/www.bmp-production.de\/qualitaet\/konformitaet-registrierung\/#primaryimage\",\"url\":\"http:\/\/bmptest.30-jahre-bmp.de\/wp-content\/uploads\/2024\/10\/BMP_Konformitaet-Registrierung_Hero_01.jpg\",\"contentUrl\":\"http:\/\/bmptest.30-jahre-bmp.de\/wp-content\/uploads\/2024\/10\/BMP_Konformitaet-Registrierung_Hero_01.jpg\"},{\"@type\":\"BreadcrumbList\",\"@id\":\"https:\/\/www.bmp-production.de\/qualitaet\/konformitaet-registrierung\/#breadcrumb\",\"itemListElement\":[{\"@type\":\"ListItem\",\"position\":1,\"name\":\"Startseite\",\"item\":\"https:\/\/www.bmp-production.de\/en\/\"},{\"@type\":\"ListItem\",\"position\":2,\"name\":\"Qualit\u00e4t\",\"item\":\"https:\/\/www.bmp-production.de\/qualitaet\/\"},{\"@type\":\"ListItem\",\"position\":3,\"name\":\"Konformit\u00e4t &#038; Registrierung\"}]},{\"@type\":\"WebSite\",\"@id\":\"https:\/\/www.bmp-production.de\/en\/#website\",\"url\":\"https:\/\/www.bmp-production.de\/en\/\",\"name\":\"BMP Production GmbH\",\"description\":\"Lohnhersteller f\u00fcr Pharma &amp; Lebensmittel\",\"publisher\":{\"@id\":\"https:\/\/www.bmp-production.de\/en\/#organization\"},\"potentialAction\":[{\"@type\":\"SearchAction\",\"target\":{\"@type\":\"EntryPoint\",\"urlTemplate\":\"https:\/\/www.bmp-production.de\/en\/?s={search_term_string}\"},\"query-input\":{\"@type\":\"PropertyValueSpecification\",\"valueRequired\":true,\"valueName\":\"search_term_string\"}}],\"inLanguage\":\"en-GB\"},{\"@type\":\"Organization\",\"@id\":\"https:\/\/www.bmp-production.de\/en\/#organization\",\"name\":\"BMP Production GmbH\",\"url\":\"https:\/\/www.bmp-production.de\/en\/\",\"logo\":{\"@type\":\"ImageObject\",\"inLanguage\":\"en-GB\",\"@id\":\"https:\/\/www.bmp-production.de\/en\/#\/schema\/logo\/image\/\",\"url\":\"http:\/\/bmptest.30-jahre-bmp.de\/wp-content\/uploads\/2023\/06\/BMP_Production_Logo_Pos_RGB_600px.png\",\"contentUrl\":\"http:\/\/bmptest.30-jahre-bmp.de\/wp-content\/uploads\/2023\/06\/BMP_Production_Logo_Pos_RGB_600px.png\",\"width\":600,\"height\":213,\"caption\":\"BMP Production GmbH\"},\"image\":{\"@id\":\"https:\/\/www.bmp-production.de\/en\/#\/schema\/logo\/image\/\"}}]}<\/script>\n<!-- \/ Yoast SEO plugin. -->","yoast_head_json":{"title":"Konformit\u00e4t & Registrierung - BMP Production GmbH","robots":{"index":"index","follow":"follow","max-snippet":"max-snippet:-1","max-image-preview":"max-image-preview:large","max-video-preview":"max-video-preview:-1"},"canonical":"https:\/\/www.bmp-production.de\/en\/qualitaet\/konformitaet-registrierung\/","og_locale":"en_GB","og_type":"article","og_title":"Konformit\u00e4t & Registrierung - BMP Production GmbH","og_description":"Konformit\u00e4t &amp; Registrierung Mit Regeln kennen wir uns aus. Unser QM-Team ist bereits im Entwicklungsprozess Ihres Neuproduktes eingebunden und unterst\u00fctzt bei Fragen zu Regulatory Affairs. Mit 30 Jahren Erfahrung wissen wir, wo die kritischen Meilensteine auf dem Weg von der Idee zum finalen Produkt sein k\u00f6nnen. Das gilt heute und zuk\u00fcnftig st\u00e4rker denn je, da [&hellip;]","og_url":"https:\/\/www.bmp-production.de\/en\/qualitaet\/konformitaet-registrierung\/","og_site_name":"BMP Production GmbH","article_modified_time":"2024-10-28T15:51:28+00:00","og_image":[{"url":"http:\/\/bmptest.30-jahre-bmp.de\/wp-content\/uploads\/2024\/10\/BMP_Konformitaet-Registrierung_Hero_01.jpg","type":"","width":"","height":""}],"twitter_card":"summary_large_image","twitter_misc":{"Estimated reading time":"1 minute"},"schema":{"@context":"https:\/\/schema.org","@graph":[{"@type":"WebPage","@id":"https:\/\/www.bmp-production.de\/qualitaet\/konformitaet-registrierung\/","url":"https:\/\/www.bmp-production.de\/qualitaet\/konformitaet-registrierung\/","name":"Konformit\u00e4t & Registrierung - BMP Production GmbH","isPartOf":{"@id":"https:\/\/www.bmp-production.de\/en\/#website"},"primaryImageOfPage":{"@id":"https:\/\/www.bmp-production.de\/qualitaet\/konformitaet-registrierung\/#primaryimage"},"image":{"@id":"https:\/\/www.bmp-production.de\/qualitaet\/konformitaet-registrierung\/#primaryimage"},"thumbnailUrl":"http:\/\/bmptest.30-jahre-bmp.de\/wp-content\/uploads\/2024\/10\/BMP_Konformitaet-Registrierung_Hero_01.jpg","datePublished":"2023-08-27T14:34:18+00:00","dateModified":"2024-10-28T15:51:28+00:00","breadcrumb":{"@id":"https:\/\/www.bmp-production.de\/qualitaet\/konformitaet-registrierung\/#breadcrumb"},"inLanguage":"en-GB","potentialAction":[{"@type":"ReadAction","target":["https:\/\/www.bmp-production.de\/qualitaet\/konformitaet-registrierung\/"]}]},{"@type":"ImageObject","inLanguage":"en-GB","@id":"https:\/\/www.bmp-production.de\/qualitaet\/konformitaet-registrierung\/#primaryimage","url":"http:\/\/bmptest.30-jahre-bmp.de\/wp-content\/uploads\/2024\/10\/BMP_Konformitaet-Registrierung_Hero_01.jpg","contentUrl":"http:\/\/bmptest.30-jahre-bmp.de\/wp-content\/uploads\/2024\/10\/BMP_Konformitaet-Registrierung_Hero_01.jpg"},{"@type":"BreadcrumbList","@id":"https:\/\/www.bmp-production.de\/qualitaet\/konformitaet-registrierung\/#breadcrumb","itemListElement":[{"@type":"ListItem","position":1,"name":"Startseite","item":"https:\/\/www.bmp-production.de\/en\/"},{"@type":"ListItem","position":2,"name":"Qualit\u00e4t","item":"https:\/\/www.bmp-production.de\/qualitaet\/"},{"@type":"ListItem","position":3,"name":"Konformit\u00e4t &#038; Registrierung"}]},{"@type":"WebSite","@id":"https:\/\/www.bmp-production.de\/en\/#website","url":"https:\/\/www.bmp-production.de\/en\/","name":"BMP Production GmbH","description":"Lohnhersteller f\u00fcr Pharma &amp; Lebensmittel","publisher":{"@id":"https:\/\/www.bmp-production.de\/en\/#organization"},"potentialAction":[{"@type":"SearchAction","target":{"@type":"EntryPoint","urlTemplate":"https:\/\/www.bmp-production.de\/en\/?s={search_term_string}"},"query-input":{"@type":"PropertyValueSpecification","valueRequired":true,"valueName":"search_term_string"}}],"inLanguage":"en-GB"},{"@type":"Organization","@id":"https:\/\/www.bmp-production.de\/en\/#organization","name":"BMP Production GmbH","url":"https:\/\/www.bmp-production.de\/en\/","logo":{"@type":"ImageObject","inLanguage":"en-GB","@id":"https:\/\/www.bmp-production.de\/en\/#\/schema\/logo\/image\/","url":"http:\/\/bmptest.30-jahre-bmp.de\/wp-content\/uploads\/2023\/06\/BMP_Production_Logo_Pos_RGB_600px.png","contentUrl":"http:\/\/bmptest.30-jahre-bmp.de\/wp-content\/uploads\/2023\/06\/BMP_Production_Logo_Pos_RGB_600px.png","width":600,"height":213,"caption":"BMP Production GmbH"},"image":{"@id":"https:\/\/www.bmp-production.de\/en\/#\/schema\/logo\/image\/"}}]}},"_links":{"self":[{"href":"https:\/\/www.bmp-production.de\/en\/wp-json\/wp\/v2\/pages\/2324","targetHints":{"allow":["GET"]}}],"collection":[{"href":"https:\/\/www.bmp-production.de\/en\/wp-json\/wp\/v2\/pages"}],"about":[{"href":"https:\/\/www.bmp-production.de\/en\/wp-json\/wp\/v2\/types\/page"}],"author":[{"embeddable":true,"href":"https:\/\/www.bmp-production.de\/en\/wp-json\/wp\/v2\/users\/1"}],"replies":[{"embeddable":true,"href":"https:\/\/www.bmp-production.de\/en\/wp-json\/wp\/v2\/comments?post=2324"}],"version-history":[{"count":13,"href":"https:\/\/www.bmp-production.de\/en\/wp-json\/wp\/v2\/pages\/2324\/revisions"}],"predecessor-version":[{"id":5962,"href":"https:\/\/www.bmp-production.de\/en\/wp-json\/wp\/v2\/pages\/2324\/revisions\/5962"}],"up":[{"embeddable":true,"href":"https:\/\/www.bmp-production.de\/en\/wp-json\/wp\/v2\/pages\/88"}],"wp:attachment":[{"href":"https:\/\/www.bmp-production.de\/en\/wp-json\/wp\/v2\/media?parent=2324"}],"curies":[{"name":"wp","href":"https:\/\/api.w.org\/{rel}","templated":true}]}}