{"id":1219,"date":"2023-07-03T08:16:33","date_gmt":"2023-07-03T06:16:33","guid":{"rendered":"http:\/\/homepage.30-jahre-bmp.de\/?page_id=1219"},"modified":"2024-10-14T10:28:19","modified_gmt":"2024-10-14T08:28:19","slug":"anfrage","status":"publish","type":"page","link":"https:\/\/www.bmp-production.de\/en\/anfrage\/","title":{"rendered":"Anfrage"},"content":{"rendered":"<div data-elementor-type=\"wp-page\" data-elementor-id=\"1219\" class=\"elementor elementor-1219\" data-elementor-settings=\"{&quot;element_pack_global_tooltip_width&quot;:{&quot;unit&quot;:&quot;px&quot;,&quot;size&quot;:&quot;&quot;,&quot;sizes&quot;:[]},&quot;element_pack_global_tooltip_width_tablet&quot;:{&quot;unit&quot;:&quot;px&quot;,&quot;size&quot;:&quot;&quot;,&quot;sizes&quot;:[]},&quot;element_pack_global_tooltip_width_mobile&quot;:{&quot;unit&quot;:&quot;px&quot;,&quot;size&quot;:&quot;&quot;,&quot;sizes&quot;:[]},&quot;element_pack_global_tooltip_padding&quot;:{&quot;unit&quot;:&quot;px&quot;,&quot;top&quot;:&quot;&quot;,&quot;right&quot;:&quot;&quot;,&quot;bottom&quot;:&quot;&quot;,&quot;left&quot;:&quot;&quot;,&quot;isLinked&quot;:true},&quot;element_pack_global_tooltip_padding_tablet&quot;:{&quot;unit&quot;:&quot;px&quot;,&quot;top&quot;:&quot;&quot;,&quot;right&quot;:&quot;&quot;,&quot;bottom&quot;:&quot;&quot;,&quot;left&quot;:&quot;&quot;,&quot;isLinked&quot;:true},&quot;element_pack_global_tooltip_padding_mobile&quot;:{&quot;unit&quot;:&quot;px&quot;,&quot;top&quot;:&quot;&quot;,&quot;right&quot;:&quot;&quot;,&quot;bottom&quot;:&quot;&quot;,&quot;left&quot;:&quot;&quot;,&quot;isLinked&quot;:true},&quot;element_pack_global_tooltip_border_radius&quot;:{&quot;unit&quot;:&quot;px&quot;,&quot;top&quot;:&quot;&quot;,&quot;right&quot;:&quot;&quot;,&quot;bottom&quot;:&quot;&quot;,&quot;left&quot;:&quot;&quot;,&quot;isLinked&quot;:true},&quot;element_pack_global_tooltip_border_radius_tablet&quot;:{&quot;unit&quot;:&quot;px&quot;,&quot;top&quot;:&quot;&quot;,&quot;right&quot;:&quot;&quot;,&quot;bottom&quot;:&quot;&quot;,&quot;left&quot;:&quot;&quot;,&quot;isLinked&quot;:true},&quot;element_pack_global_tooltip_border_radius_mobile&quot;:{&quot;unit&quot;:&quot;px&quot;,&quot;top&quot;:&quot;&quot;,&quot;right&quot;:&quot;&quot;,&quot;bottom&quot;:&quot;&quot;,&quot;left&quot;:&quot;&quot;,&quot;isLinked&quot;:true}}\" data-elementor-post-type=\"page\">\n\t\t\t\t\t\t<section data-particle_enable=\"false\" data-particle-mobile-disabled=\"false\" class=\"elementor-section elementor-top-section elementor-element elementor-element-7ec1234 elementor-section-full_width elementor-section-height-default elementor-section-height-default\" data-id=\"7ec1234\" data-element_type=\"section\" data-settings=\"{&quot;background_background&quot;:&quot;classic&quot;}\">\n\t\t\t\t\t\t<div class=\"elementor-container elementor-column-gap-default\">\n\t\t\t\t\t<div class=\"elementor-column elementor-col-100 elementor-top-column elementor-element elementor-element-14719be\" data-id=\"14719be\" data-element_type=\"column\">\n\t\t\t<div class=\"elementor-widget-wrap elementor-element-populated\">\n\t\t\t\t\t\t<section data-particle_enable=\"false\" data-particle-mobile-disabled=\"false\" class=\"elementor-section elementor-inner-section elementor-element elementor-element-fcd03e2 elementor-section-boxed elementor-section-height-default elementor-section-height-default\" data-id=\"fcd03e2\" data-element_type=\"section\" data-settings=\"{&quot;background_background&quot;:&quot;classic&quot;,&quot;background_motion_fx_motion_fx_mouse&quot;:&quot;yes&quot;,&quot;background_motion_fx_mouseTrack_effect&quot;:&quot;yes&quot;,&quot;background_motion_fx_mouseTrack_speed&quot;:{&quot;unit&quot;:&quot;px&quot;,&quot;size&quot;:0.200000000000000011102230246251565404236316680908203125,&quot;sizes&quot;:[]}}\">\n\t\t\t\t\t\t<div class=\"elementor-container elementor-column-gap-default\">\n\t\t\t\t\t<div class=\"elementor-column elementor-col-100 elementor-inner-column elementor-element elementor-element-2fba1b5\" data-id=\"2fba1b5\" data-element_type=\"column\">\n\t\t\t<div class=\"elementor-widget-wrap elementor-element-populated\">\n\t\t\t\t\t\t<div class=\"elementor-element elementor-element-bd40e90 elementor-widget__width-initial elementor-widget-tablet__width-initial elementor-widget-mobile__width-initial elementor-widget elementor-widget-heading\" data-id=\"bd40e90\" data-element_type=\"widget\" data-widget_type=\"heading.default\">\n\t\t\t\t<div class=\"elementor-widget-container\">\n\t\t\t\t\t<h2 class=\"elementor-heading-title elementor-size-default\">We are here for you.<\/h2>\t\t\t\t<\/div>\n\t\t\t\t<\/div>\n\t\t\t\t<div class=\"elementor-element elementor-element-62bcaa8 elementor-widget elementor-widget-spacer\" data-id=\"62bcaa8\" data-element_type=\"widget\" data-widget_type=\"spacer.default\">\n\t\t\t\t<div class=\"elementor-widget-container\">\n\t\t\t\t\t\t\t<div class=\"elementor-spacer\">\n\t\t\t<div class=\"elementor-spacer-inner\"><\/div>\n\t\t<\/div>\n\t\t\t\t\t\t<\/div>\n\t\t\t\t<\/div>\n\t\t\t\t<div class=\"elementor-element elementor-element-75d800e elementor-widget__width-initial elementor-widget-tablet__width-initial elementor-widget-mobile__width-initial elementor-widget elementor-widget-heading\" data-id=\"75d800e\" data-element_type=\"widget\" data-widget_type=\"heading.default\">\n\t\t\t\t<div class=\"elementor-widget-container\">\n\t\t\t\t\t<h2 class=\"elementor-heading-title elementor-size-default\">Before starting your project we offer individual consultation and discuss all relevant issues of the product you plan to launch. Get in touch with our team of product managers to assist you.<\/h2>\t\t\t\t<\/div>\n\t\t\t\t<\/div>\n\t\t\t\t<div class=\"elementor-element elementor-element-5260cdd elementor-widget elementor-widget-spacer\" data-id=\"5260cdd\" data-element_type=\"widget\" data-widget_type=\"spacer.default\">\n\t\t\t\t<div class=\"elementor-widget-container\">\n\t\t\t\t\t\t\t<div class=\"elementor-spacer\">\n\t\t\t<div class=\"elementor-spacer-inner\"><\/div>\n\t\t<\/div>\n\t\t\t\t\t\t<\/div>\n\t\t\t\t<\/div>\n\t\t\t\t\t<\/div>\n\t\t<\/div>\n\t\t\t\t\t<\/div>\n\t\t<\/section>\n\t\t\t\t\t<\/div>\n\t\t<\/div>\n\t\t\t\t\t<\/div>\n\t\t<\/section>\n\t\t\t\t<section data-particle_enable=\"false\" data-particle-mobile-disabled=\"false\" class=\"elementor-section elementor-top-section elementor-element elementor-element-84ff359 elementor-hidden-mobile elementor-section-boxed elementor-section-height-default elementor-section-height-default\" data-id=\"84ff359\" data-element_type=\"section\" data-settings=\"{&quot;shape_divider_top&quot;:&quot;arrow&quot;}\">\n\t\t\t\t\t<div class=\"elementor-shape elementor-shape-top\" aria-hidden=\"true\" data-negative=\"false\">\n\t\t\t<svg xmlns=\"http:\/\/www.w3.org\/2000\/svg\" viewbox=\"0 0 700 10\" preserveaspectratio=\"none\">\n\t<path class=\"elementor-shape-fill\" d=\"M350,10L340,0h20L350,10z\"\/>\n<\/svg>\t\t<\/div>\n\t\t\t\t\t<div class=\"elementor-container elementor-column-gap-default\">\n\t\t\t\t\t<div class=\"elementor-column elementor-col-100 elementor-top-column elementor-element elementor-element-9bc6fae\" data-id=\"9bc6fae\" data-element_type=\"column\">\n\t\t\t<div class=\"elementor-widget-wrap elementor-element-populated\">\n\t\t\t\t\t\t<div class=\"elementor-element elementor-element-f5d3b65 elementor-widget elementor-widget-spacer\" data-id=\"f5d3b65\" data-element_type=\"widget\" data-widget_type=\"spacer.default\">\n\t\t\t\t<div class=\"elementor-widget-container\">\n\t\t\t\t\t\t\t<div class=\"elementor-spacer\">\n\t\t\t<div class=\"elementor-spacer-inner\"><\/div>\n\t\t<\/div>\n\t\t\t\t\t\t<\/div>\n\t\t\t\t<\/div>\n\t\t\t\t\t<\/div>\n\t\t<\/div>\n\t\t\t\t\t<\/div>\n\t\t<\/section>\n\t\t\t\t<section data-particle_enable=\"false\" data-particle-mobile-disabled=\"false\" class=\"elementor-section elementor-top-section elementor-element elementor-element-b4bc534 elementor-section-boxed elementor-section-height-default elementor-section-height-default\" data-id=\"b4bc534\" data-element_type=\"section\" data-settings=\"{&quot;animation&quot;:&quot;none&quot;,&quot;background_background&quot;:&quot;classic&quot;}\">\n\t\t\t\t\t\t<div class=\"elementor-container elementor-column-gap-no\">\n\t\t\t\t\t<div class=\"elementor-column elementor-col-100 elementor-top-column elementor-element elementor-element-5736c55 elementor-invisible\" data-id=\"5736c55\" data-element_type=\"column\" data-settings=\"{&quot;background_background&quot;:&quot;classic&quot;,&quot;animation&quot;:&quot;zoomIn&quot;}\">\n\t\t\t<div class=\"elementor-widget-wrap elementor-element-populated\">\n\t\t\t\t\t\t<div class=\"elementor-element elementor-element-8d618bc elementor-widget elementor-widget-heading\" data-id=\"8d618bc\" data-element_type=\"widget\" data-widget_type=\"heading.default\">\n\t\t\t\t<div class=\"elementor-widget-container\">\n\t\t\t\t\t<p class=\"elementor-heading-title elementor-size-default\">Your request<\/p>\t\t\t\t<\/div>\n\t\t\t\t<\/div>\n\t\t\t\t<div class=\"elementor-element elementor-element-018aa25 elementor-widget elementor-widget-heading\" data-id=\"018aa25\" data-element_type=\"widget\" data-widget_type=\"heading.default\">\n\t\t\t\t<div class=\"elementor-widget-container\">\n\t\t\t\t\t<p class=\"elementor-heading-title elementor-size-default\">* required<\/p>\t\t\t\t<\/div>\n\t\t\t\t<\/div>\n\t\t\t\t<div class=\"elementor-element elementor-element-c8585a9 elementor-widget elementor-widget-formidable\" data-id=\"c8585a9\" data-element_type=\"widget\" data-widget_type=\"formidable.default\">\n\t\t\t\t<div class=\"elementor-widget-container\">\n\t\t\t\t\t<div class=\"frm_forms  with_frm_style frm_style_formidable-style\" id=\"frm_form_2_container\" >\n<form enctype=\"multipart\/form-data\" method=\"post\" class=\"frm-show-form  frm_pro_form\" id=\"form_anfrage-formular\" action=\"\" >\n<div class=\"frm_form_fields\">\n<fieldset>\n<legend class=\"frm_screen_reader\">Anfrage Formular <\/legend>\r\n\r\n<div class=\"frm_fields_container\">\n<input type=\"hidden\" name=\"frm_action\" value=\"create\" \/>\n<input type=\"hidden\" name=\"form_id\" value=\"2\" \/>\n<input type=\"hidden\" name=\"frm_hide_fields_2\" id=\"frm_hide_fields_2\" value=\"\" \/>\n<input type=\"hidden\" name=\"form_key\" value=\"anfrage-formular\" \/>\n<input type=\"hidden\" name=\"item_meta[0]\" value=\"\" \/>\n<input type=\"hidden\" id=\"frm_submit_entry_2\" name=\"frm_submit_entry_2\" value=\"ca38e73321\" \/><input type=\"hidden\" name=\"_wp_http_referer\" value=\"\/en\/wp-json\/wp\/v2\/pages\/1219\" \/><div id=\"frm_field_50_container\" class=\"frm_form_field frm_section_heading form-field\">\r\n<h3 class=\"frm_pos_top frm_section_spacing\">Personal information<\/h3>\r\n\r\n\r\n<div id=\"frm_field_51_container\" class=\"frm_form_field form-field  frm_required_field frm_top_container frm6 frm_first\">\r\n    <label for=\"field_qh4icy2\" id=\"field_qh4icy2_label\" class=\"frm_primary_label\">Name and last name\r\n        <span class=\"frm_required\" aria-hidden=\"true\">*<\/span>\r\n    <\/label>\r\n    <input  type=\"text\" id=\"field_qh4icy2\" name=\"item_meta[51]\" value=\"\"  data-sectionid=\"50\"  style=\"width:100%\" data-reqmsg=\"Dieses Feld darf nicht leer sein.\" aria-required=\"true\" data-invmsg=\"Name ist ung\u00fcltig\" class=\"auto_width\" aria-invalid=\"false\"   \/>\r\n    \r\n    \r\n<\/div>\n<div id=\"frm_field_78_container\" class=\"frm_form_field form-field  frm_required_field frm_top_container frm6\">\r\n    <label for=\"field_eyujt\" id=\"field_eyujt_label\" class=\"frm_primary_label\">Email\r\n        <span class=\"frm_required\" aria-hidden=\"true\">*<\/span>\r\n    <\/label>\r\n    <input type=\"email\" id=\"field_eyujt\" name=\"item_meta[78]\" value=\"\"  data-sectionid=\"50\"  data-reqmsg=\"E-Mail darf nicht leer sein.\" aria-required=\"true\" data-invmsg=\"E-Mail ist ung\u00fcltig\" aria-invalid=\"false\"  \/>\r\n    \r\n    \r\n<\/div>\n<div id=\"frm_field_56_container\" class=\"frm_form_field form-field  frm_top_container frm6 frm_first\">\r\n    <label for=\"field_c5a7u2\" id=\"field_c5a7u2_label\" class=\"frm_primary_label\">Phone\r\n        <span class=\"frm_required\" aria-hidden=\"true\"><\/span>\r\n    <\/label>\r\n    <input type=\"tel\" id=\"field_c5a7u2\" name=\"item_meta[56]\" value=\"\"  data-sectionid=\"50\"  data-invmsg=\"Telefon ist ung\u00fcltig\" aria-invalid=\"false\" pattern=\"((\\+\\d{1,3}(-|.| )?\\(?\\d\\)?(-| |.)?\\d{1,5})|(\\(?\\d{2,6}\\)?))(-|.| )?(\\d{3,4})(-|.| )?(\\d{4})(( x| ext)\\d{1,5}){0,1}$\"  \/>\r\n    \r\n    \r\n<\/div>\n<div id=\"frm_field_79_container\" class=\"frm_form_field form-field  frm_top_container frm6\">\r\n    <label for=\"field_m9p7e\" id=\"field_m9p7e_label\" class=\"frm_primary_label\">Your company\r\n        <span class=\"frm_required\" aria-hidden=\"true\"><\/span>\r\n    <\/label>\r\n    <input  type=\"text\" id=\"field_m9p7e\" name=\"item_meta[79]\" value=\"\"  data-sectionid=\"50\"  data-invmsg=\"Text ist ung\u00fcltig\" aria-invalid=\"false\"   \/>\r\n    \r\n    \r\n<\/div>\n<\/div>\n<div id=\"frm_field_71_container\" class=\"frm_form_field frm_section_heading form-field\">\r\n<h3 class=\"frm_pos_top frm_section_spacing\"><\/h3>\r\n\r\n\r\n<div id=\"frm_field_72_container\" class=\"frm_form_field form-field  frm_required_field frm_top_container\">\r\n    <label for=\"field_7eqci2\" id=\"field_7eqci2_label\" class=\"frm_primary_label\">What are you interested in?\r\n        <span class=\"frm_required\" aria-hidden=\"true\">*<\/span>\r\n    <\/label>\r\n    \t\t<select name=\"item_meta[72]\" id=\"field_7eqci2\"  data-sectionid=\"71\"  data-frmval=\"--- Bitte w\u00e4hlen ---\" data-reqmsg=\"Dieses Feld darf nicht leer sein.\" aria-required=\"true\" data-invmsg=\"WORAN SIND SIE INTERESSIERT? is invalid\" aria-invalid=\"false\"  >\n\t\t<option  value=\"--- Bitte w\u00e4hlen ---\" selected='selected'>\u2013 Please select \u2013<\/option><option  value=\"Herstellung (Tabletten, Kapseln o.\u00e4.)\">Manufacturing (tablets, capsules etc.)<\/option><option  value=\"Entwicklung \/ Rezeptur\">Development \/ formulas<\/option><option  value=\"Full Line Betreuung\">Full Line Service<\/option><option  value=\"Abf\u00fcllung\">Filling &amp; Packaging<\/option><option  value=\"Etwas anderes\">Something else<\/option>\t<\/select>\n\t\r\n    \r\n    \r\n<\/div>\n<div id=\"frm_field_83_container\" class=\"frm_form_field form-field  frm_top_container\">\r\n    <label for=\"field_pb5f\" id=\"field_pb5f_label\" class=\"frm_primary_label\">How did you find us? (optional)\r\n        <span class=\"frm_required\" aria-hidden=\"true\"><\/span>\r\n    <\/label>\r\n    \t\t<select name=\"item_meta[83]\" id=\"field_pb5f\"  data-sectionid=\"71\"  data-frmval=\"--- Bitte w\u00e4hlen ---\" data-invmsg=\"Wie haben Sie uns gefunden? (optional) is invalid\" aria-invalid=\"false\"  >\n\t\t<option  value=\"--- Bitte w\u00e4hlen ---\" selected='selected'>\u2013 Please select \u2013<\/option><option  value=\"Suchmaschine\">Search engine<\/option><option  value=\"Empfehlung\">Recommendation<\/option><option  value=\"Social Media\">Social Media<\/option><option  value=\"etwas anderes\">Something else<\/option>\t<\/select>\n\t\r\n    \r\n    \r\n<\/div>\n<\/div>\n<div id=\"frm_field_80_container\" class=\"frm_form_field frm_section_heading form-field\">\r\n<h3 class=\"frm_pos_top frm_section_spacing\"><\/h3>\r\n\r\n\r\n<div id=\"frm_field_82_container\" class=\"frm_form_field form-field  frm_top_container\">\r\n    <label for=\"field_ckuwg\" id=\"field_ckuwg_label\" class=\"frm_primary_label\">Your message (optional)\r\n        <span class=\"frm_required\" aria-hidden=\"true\"><\/span>\r\n    <\/label>\r\n    <input  type=\"text\" id=\"field_ckuwg\" name=\"item_meta[82]\" value=\"\"  data-sectionid=\"80\"  data-invmsg=\"Text ist ung\u00fcltig\" aria-invalid=\"false\"   \/>\r\n    \r\n    \r\n<\/div>\n<\/div>\n<div id=\"frm_field_74_container\" class=\"frm_form_field frm_section_heading form-field\">\r\n<h3 class=\"frm_pos_top frm_section_spacing\">Privacy Policy<\/h3>\r\n\r\n\r\n<div id=\"frm_field_75_container\" class=\"frm_form_field form-field  frm_required_field frm_top_container\">\r\n    <label for=\"field_g44ts2\" id=\"field_g44ts2_label\" class=\"frm_primary_label\">Please agree to the <a href=\"http:\/\/bmptest.30-jahre-bmp.de\/datenschutz\/\">privacy policy<\/a> .\r\n        <span class=\"frm_required\" aria-hidden=\"true\">*<\/span>\r\n    <\/label>\r\n    \n<div >\n    <label class=\"frm_switch_block\">\n\t\t\n\t\t<input type=\"checkbox\" name=\"item_meta[75][]\" id=\"field_g44ts2\" value=\"Ja\"\n\t\t\t\t\t\t\t\t\t data-sectionid=\"74\"  data-reqmsg=\"Ohne Ihre Zustimmung geht es leider nicht.\" aria-required=\"true\" data-invmsg=\"Bitte stimmen Sie den &lt;a href=&quot;http:\/\/bmptest.30-jahre-bmp.de\/datenschutz\/&quot;&gt;Datenschutzbestimmungen&lt;\/a&gt; zu. is invalid\" aria-invalid=\"false\"   aria-describedby=\"frm_desc_field_g44ts2\"\t\t\/>\n\n\t\t<span class=\"frm_switch\" tabindex=\"0\" role=\"switch\" aria-labelledby=\"field_g44ts2_label\" aria-checked=\"false\">\n\t\t\t<span class=\"frm_slider\"><\/span>\n\t\t<\/span>\n\n\t\t\t<\/label>\n<\/div>\n\r\n    <div class=\"frm_description\" id=\"frm_desc_field_g44ts2\">Agree<\/div>\r\n    \r\n<\/div>\n<\/div>\n<input type=\"hidden\" name=\"item_meta[77]\" id=\"field_8ad3w2\" value=\"\" data-frmval=\"\"\/>\n<div id=\"frm_field_86_container\" class=\"frm_form_field form-field\">\n\t<div class=\"frm_submit\">\r\n\r\n<button class=\"frm_button_submit frm_final_submit\" type=\"submit\"   formnovalidate=\"formnovalidate\">Send<\/button>\r\n\r\n\r\n<\/div>\n<\/div>\n\t<input type=\"hidden\" name=\"item_key\" value=\"\" \/>\n\t\t\t<div id=\"frm_field_87_container\">\n\t\t\t<label for=\"field_vx819\" >\n\t\t\t\tIf you are human, leave this field blank.\t\t\t<\/label>\n\t\t\t<input  id=\"field_vx819\" type=\"text\" class=\"frm_form_field form-field frm_verify\" name=\"item_meta[87]\" value=\"\"  \/>\n\t\t<\/div>\n\t\t<input name=\"frm_state\" type=\"hidden\" value=\"p0Aqj8CbsPOsKq54AEa07\/+\/KL9wOaUj2lVknGtR24tF45SYlstpGqSRWQVWAPv0\" \/><\/div>\n<\/fieldset>\n<\/div>\n\n<input type=\"hidden\" name=\"trp-form-language\" value=\"en\"\/><\/form>\n<\/div>\n\t\t\t\t<\/div>\n\t\t\t\t<\/div>\n\t\t\t\t\t<\/div>\n\t\t<\/div>\n\t\t\t\t\t<\/div>\n\t\t<\/section>\n\t\t\t\t<\/div>","protected":false},"excerpt":{"rendered":"<p>Wir sind f\u00fcr Sie da. Sie m\u00f6chten eine individuelle Beratung f\u00fcr Ihr Projekt oder haben eine Frage zu unseren Leistungen? Kein Problem &#8211; unser Kundenservice freut sich \u00fcber Ihre Kontaktaufnahme. Ihre Anfrage * Pflichtfeld Anfrage Formular IHRE DATEN Vor- und Nachname * E-Mail * Telefon Ihr Unternehmen WORAN SIND SIE INTERESSIERT? * &#8212; Bitte w\u00e4hlen [&hellip;]<\/p>","protected":false},"author":1,"featured_media":0,"parent":0,"menu_order":0,"comment_status":"closed","ping_status":"closed","template":"elementor_header_footer","meta":{"footnotes":""},"class_list":["post-1219","page","type-page","status-publish","hentry"],"yoast_head":"<!-- This site is optimized with the Yoast SEO plugin v26.8 - https:\/\/yoast.com\/product\/yoast-seo-wordpress\/ -->\n<title>Anfrage - BMP Production GmbH<\/title>\n<meta name=\"robots\" content=\"index, follow, max-snippet:-1, max-image-preview:large, max-video-preview:-1\" \/>\n<link rel=\"canonical\" href=\"https:\/\/www.bmp-production.de\/en\/anfrage\/\" \/>\n<meta property=\"og:locale\" content=\"en_GB\" \/>\n<meta property=\"og:type\" content=\"article\" \/>\n<meta property=\"og:title\" content=\"Anfrage - BMP Production GmbH\" \/>\n<meta property=\"og:description\" content=\"Wir sind f\u00fcr Sie da. Sie m\u00f6chten eine individuelle Beratung f\u00fcr Ihr Projekt oder haben eine Frage zu unseren Leistungen? Kein Problem &#8211; unser Kundenservice freut sich \u00fcber Ihre Kontaktaufnahme. Ihre Anfrage * Pflichtfeld Anfrage Formular IHRE DATEN Vor- und Nachname * E-Mail * Telefon Ihr Unternehmen WORAN SIND SIE INTERESSIERT? * &#8212; Bitte w\u00e4hlen [&hellip;]\" \/>\n<meta property=\"og:url\" content=\"https:\/\/www.bmp-production.de\/en\/anfrage\/\" \/>\n<meta property=\"og:site_name\" content=\"BMP Production GmbH\" \/>\n<meta property=\"article:modified_time\" content=\"2024-10-14T08:28:19+00:00\" \/>\n<meta name=\"twitter:card\" content=\"summary_large_image\" \/>\n<meta name=\"twitter:label1\" content=\"Estimated reading time\" \/>\n\t<meta name=\"twitter:data1\" content=\"1 minute\" \/>\n<script type=\"application\/ld+json\" class=\"yoast-schema-graph\">{\"@context\":\"https:\/\/schema.org\",\"@graph\":[{\"@type\":\"WebPage\",\"@id\":\"https:\/\/www.bmp-production.de\/anfrage\/\",\"url\":\"https:\/\/www.bmp-production.de\/anfrage\/\",\"name\":\"Anfrage - BMP Production GmbH\",\"isPartOf\":{\"@id\":\"https:\/\/www.bmp-production.de\/en\/#website\"},\"datePublished\":\"2023-07-03T06:16:33+00:00\",\"dateModified\":\"2024-10-14T08:28:19+00:00\",\"breadcrumb\":{\"@id\":\"https:\/\/www.bmp-production.de\/anfrage\/#breadcrumb\"},\"inLanguage\":\"en-GB\",\"potentialAction\":[{\"@type\":\"ReadAction\",\"target\":[\"https:\/\/www.bmp-production.de\/anfrage\/\"]}]},{\"@type\":\"BreadcrumbList\",\"@id\":\"https:\/\/www.bmp-production.de\/anfrage\/#breadcrumb\",\"itemListElement\":[{\"@type\":\"ListItem\",\"position\":1,\"name\":\"Startseite\",\"item\":\"https:\/\/www.bmp-production.de\/en\/\"},{\"@type\":\"ListItem\",\"position\":2,\"name\":\"Anfrage\"}]},{\"@type\":\"WebSite\",\"@id\":\"https:\/\/www.bmp-production.de\/en\/#website\",\"url\":\"https:\/\/www.bmp-production.de\/en\/\",\"name\":\"BMP Production GmbH\",\"description\":\"Lohnhersteller f\u00fcr Pharma &amp; Lebensmittel\",\"publisher\":{\"@id\":\"https:\/\/www.bmp-production.de\/en\/#organization\"},\"potentialAction\":[{\"@type\":\"SearchAction\",\"target\":{\"@type\":\"EntryPoint\",\"urlTemplate\":\"https:\/\/www.bmp-production.de\/en\/?s={search_term_string}\"},\"query-input\":{\"@type\":\"PropertyValueSpecification\",\"valueRequired\":true,\"valueName\":\"search_term_string\"}}],\"inLanguage\":\"en-GB\"},{\"@type\":\"Organization\",\"@id\":\"https:\/\/www.bmp-production.de\/en\/#organization\",\"name\":\"BMP Production GmbH\",\"url\":\"https:\/\/www.bmp-production.de\/en\/\",\"logo\":{\"@type\":\"ImageObject\",\"inLanguage\":\"en-GB\",\"@id\":\"https:\/\/www.bmp-production.de\/en\/#\/schema\/logo\/image\/\",\"url\":\"http:\/\/bmptest.30-jahre-bmp.de\/wp-content\/uploads\/2023\/06\/BMP_Production_Logo_Pos_RGB_600px.png\",\"contentUrl\":\"http:\/\/bmptest.30-jahre-bmp.de\/wp-content\/uploads\/2023\/06\/BMP_Production_Logo_Pos_RGB_600px.png\",\"width\":600,\"height\":213,\"caption\":\"BMP Production GmbH\"},\"image\":{\"@id\":\"https:\/\/www.bmp-production.de\/en\/#\/schema\/logo\/image\/\"}}]}<\/script>\n<!-- \/ Yoast SEO plugin. -->","yoast_head_json":{"title":"Anfrage - BMP Production GmbH","robots":{"index":"index","follow":"follow","max-snippet":"max-snippet:-1","max-image-preview":"max-image-preview:large","max-video-preview":"max-video-preview:-1"},"canonical":"https:\/\/www.bmp-production.de\/en\/anfrage\/","og_locale":"en_GB","og_type":"article","og_title":"Anfrage - BMP Production GmbH","og_description":"Wir sind f\u00fcr Sie da. Sie m\u00f6chten eine individuelle Beratung f\u00fcr Ihr Projekt oder haben eine Frage zu unseren Leistungen? Kein Problem &#8211; unser Kundenservice freut sich \u00fcber Ihre Kontaktaufnahme. Ihre Anfrage * Pflichtfeld Anfrage Formular IHRE DATEN Vor- und Nachname * E-Mail * Telefon Ihr Unternehmen WORAN SIND SIE INTERESSIERT? * &#8212; Bitte w\u00e4hlen [&hellip;]","og_url":"https:\/\/www.bmp-production.de\/en\/anfrage\/","og_site_name":"BMP Production GmbH","article_modified_time":"2024-10-14T08:28:19+00:00","twitter_card":"summary_large_image","twitter_misc":{"Estimated reading time":"1 minute"},"schema":{"@context":"https:\/\/schema.org","@graph":[{"@type":"WebPage","@id":"https:\/\/www.bmp-production.de\/anfrage\/","url":"https:\/\/www.bmp-production.de\/anfrage\/","name":"Anfrage - BMP Production GmbH","isPartOf":{"@id":"https:\/\/www.bmp-production.de\/en\/#website"},"datePublished":"2023-07-03T06:16:33+00:00","dateModified":"2024-10-14T08:28:19+00:00","breadcrumb":{"@id":"https:\/\/www.bmp-production.de\/anfrage\/#breadcrumb"},"inLanguage":"en-GB","potentialAction":[{"@type":"ReadAction","target":["https:\/\/www.bmp-production.de\/anfrage\/"]}]},{"@type":"BreadcrumbList","@id":"https:\/\/www.bmp-production.de\/anfrage\/#breadcrumb","itemListElement":[{"@type":"ListItem","position":1,"name":"Startseite","item":"https:\/\/www.bmp-production.de\/en\/"},{"@type":"ListItem","position":2,"name":"Anfrage"}]},{"@type":"WebSite","@id":"https:\/\/www.bmp-production.de\/en\/#website","url":"https:\/\/www.bmp-production.de\/en\/","name":"BMP Production GmbH","description":"Lohnhersteller f\u00fcr Pharma &amp; Lebensmittel","publisher":{"@id":"https:\/\/www.bmp-production.de\/en\/#organization"},"potentialAction":[{"@type":"SearchAction","target":{"@type":"EntryPoint","urlTemplate":"https:\/\/www.bmp-production.de\/en\/?s={search_term_string}"},"query-input":{"@type":"PropertyValueSpecification","valueRequired":true,"valueName":"search_term_string"}}],"inLanguage":"en-GB"},{"@type":"Organization","@id":"https:\/\/www.bmp-production.de\/en\/#organization","name":"BMP Production GmbH","url":"https:\/\/www.bmp-production.de\/en\/","logo":{"@type":"ImageObject","inLanguage":"en-GB","@id":"https:\/\/www.bmp-production.de\/en\/#\/schema\/logo\/image\/","url":"http:\/\/bmptest.30-jahre-bmp.de\/wp-content\/uploads\/2023\/06\/BMP_Production_Logo_Pos_RGB_600px.png","contentUrl":"http:\/\/bmptest.30-jahre-bmp.de\/wp-content\/uploads\/2023\/06\/BMP_Production_Logo_Pos_RGB_600px.png","width":600,"height":213,"caption":"BMP Production GmbH"},"image":{"@id":"https:\/\/www.bmp-production.de\/en\/#\/schema\/logo\/image\/"}}]}},"_links":{"self":[{"href":"https:\/\/www.bmp-production.de\/en\/wp-json\/wp\/v2\/pages\/1219","targetHints":{"allow":["GET"]}}],"collection":[{"href":"https:\/\/www.bmp-production.de\/en\/wp-json\/wp\/v2\/pages"}],"about":[{"href":"https:\/\/www.bmp-production.de\/en\/wp-json\/wp\/v2\/types\/page"}],"author":[{"embeddable":true,"href":"https:\/\/www.bmp-production.de\/en\/wp-json\/wp\/v2\/users\/1"}],"replies":[{"embeddable":true,"href":"https:\/\/www.bmp-production.de\/en\/wp-json\/wp\/v2\/comments?post=1219"}],"version-history":[{"count":31,"href":"https:\/\/www.bmp-production.de\/en\/wp-json\/wp\/v2\/pages\/1219\/revisions"}],"predecessor-version":[{"id":5851,"href":"https:\/\/www.bmp-production.de\/en\/wp-json\/wp\/v2\/pages\/1219\/revisions\/5851"}],"wp:attachment":[{"href":"https:\/\/www.bmp-production.de\/en\/wp-json\/wp\/v2\/media?parent=1219"}],"curies":[{"name":"wp","href":"https:\/\/api.w.org\/{rel}","templated":true}]}}