{"id":1148,"date":"2023-07-02T13:28:30","date_gmt":"2023-07-02T11:28:30","guid":{"rendered":"http:\/\/homepage.30-jahre-bmp.de\/?page_id=1148"},"modified":"2024-10-29T09:33:53","modified_gmt":"2024-10-29T08:33:53","slug":"tabletten","status":"publish","type":"page","link":"https:\/\/www.bmp-production.de\/en\/leistungen\/tabletten\/","title":{"rendered":"Tablets"},"content":{"rendered":"<div data-elementor-type=\"wp-page\" data-elementor-id=\"1148\" class=\"elementor elementor-1148\" data-elementor-settings=\"{&quot;element_pack_global_tooltip_width&quot;:{&quot;unit&quot;:&quot;px&quot;,&quot;size&quot;:&quot;&quot;,&quot;sizes&quot;:[]},&quot;element_pack_global_tooltip_width_tablet&quot;:{&quot;unit&quot;:&quot;px&quot;,&quot;size&quot;:&quot;&quot;,&quot;sizes&quot;:[]},&quot;element_pack_global_tooltip_width_mobile&quot;:{&quot;unit&quot;:&quot;px&quot;,&quot;size&quot;:&quot;&quot;,&quot;sizes&quot;:[]},&quot;element_pack_global_tooltip_padding&quot;:{&quot;unit&quot;:&quot;px&quot;,&quot;top&quot;:&quot;&quot;,&quot;right&quot;:&quot;&quot;,&quot;bottom&quot;:&quot;&quot;,&quot;left&quot;:&quot;&quot;,&quot;isLinked&quot;:true},&quot;element_pack_global_tooltip_padding_tablet&quot;:{&quot;unit&quot;:&quot;px&quot;,&quot;top&quot;:&quot;&quot;,&quot;right&quot;:&quot;&quot;,&quot;bottom&quot;:&quot;&quot;,&quot;left&quot;:&quot;&quot;,&quot;isLinked&quot;:true},&quot;element_pack_global_tooltip_padding_mobile&quot;:{&quot;unit&quot;:&quot;px&quot;,&quot;top&quot;:&quot;&quot;,&quot;right&quot;:&quot;&quot;,&quot;bottom&quot;:&quot;&quot;,&quot;left&quot;:&quot;&quot;,&quot;isLinked&quot;:true},&quot;element_pack_global_tooltip_border_radius&quot;:{&quot;unit&quot;:&quot;px&quot;,&quot;top&quot;:&quot;&quot;,&quot;right&quot;:&quot;&quot;,&quot;bottom&quot;:&quot;&quot;,&quot;left&quot;:&quot;&quot;,&quot;isLinked&quot;:true},&quot;element_pack_global_tooltip_border_radius_tablet&quot;:{&quot;unit&quot;:&quot;px&quot;,&quot;top&quot;:&quot;&quot;,&quot;right&quot;:&quot;&quot;,&quot;bottom&quot;:&quot;&quot;,&quot;left&quot;:&quot;&quot;,&quot;isLinked&quot;:true},&quot;element_pack_global_tooltip_border_radius_mobile&quot;:{&quot;unit&quot;:&quot;px&quot;,&quot;top&quot;:&quot;&quot;,&quot;right&quot;:&quot;&quot;,&quot;bottom&quot;:&quot;&quot;,&quot;left&quot;:&quot;&quot;,&quot;isLinked&quot;:true}}\" data-elementor-post-type=\"page\">\n\t\t\t\t\t\t<section data-particle_enable=\"false\" data-particle-mobile-disabled=\"false\" class=\"elementor-section elementor-top-section elementor-element elementor-element-2c66602 elementor-section-content-middle elementor-reverse-mobile elementor-section-boxed elementor-section-height-default elementor-section-height-default\" data-id=\"2c66602\" data-element_type=\"section\">\n\t\t\t\t\t\t<div class=\"elementor-container elementor-column-gap-no\">\n\t\t\t\t\t<div class=\"elementor-column elementor-col-50 elementor-top-column elementor-element elementor-element-f5514c8\" data-id=\"f5514c8\" data-element_type=\"column\">\n\t\t\t<div class=\"elementor-widget-wrap elementor-element-populated\">\n\t\t\t\t\t\t<div class=\"elementor-element elementor-element-04096a7 elementor-widget__width-initial elementor-widget-mobile__width-inherit animated-slow elementor-invisible elementor-widget elementor-widget-heading\" data-id=\"04096a7\" data-element_type=\"widget\" data-settings=\"{&quot;_animation&quot;:&quot;fadeIn&quot;}\" data-widget_type=\"heading.default\">\n\t\t\t\t<div class=\"elementor-widget-container\">\n\t\t\t\t\t<h1 class=\"elementor-heading-title elementor-size-default\">Tablets<\/h1>\t\t\t\t<\/div>\n\t\t\t\t<\/div>\n\t\t\t\t<div class=\"elementor-element elementor-element-5003025 elementor-widget__width-initial elementor-widget-mobile__width-inherit animated-slow elementor-invisible elementor-widget elementor-widget-heading\" data-id=\"5003025\" data-element_type=\"widget\" data-settings=\"{&quot;_animation&quot;:&quot;fadeIn&quot;,&quot;_animation_delay&quot;:200}\" data-widget_type=\"heading.default\">\n\t\t\t\t<div class=\"elementor-widget-container\">\n\t\t\t\t\t<p class=\"elementor-heading-title elementor-size-default\">Your tablet formula born in our facilities<\/p>\t\t\t\t<\/div>\n\t\t\t\t<\/div>\n\t\t\t\t<div class=\"elementor-element elementor-element-66ab246 elementor-widget elementor-widget-text-editor\" data-id=\"66ab246\" data-element_type=\"widget\" data-widget_type=\"text-editor.default\">\n\t\t\t\t<div class=\"elementor-widget-container\">\n\t\t\t\t\t\t\t\t\t<p>We love (your) tablets. Using modern tableting technology we produce individual tablets in small, medium and very large quantities.<\/p><p>Our machinery and expertise in tableting enable the minimal use of excipients. The range of standard sizes and shapes for tablets is large \u2013 round or oblong in different sizes, biconvex or with score line.<\/p><p>You need an individual shape for your tablet? The indication requires an enteric-coated tablet? No problem, we film-coat your tablet just the way you need it.<\/p>\t\t\t\t\t\t\t\t<\/div>\n\t\t\t\t<\/div>\n\t\t\t\t\t<\/div>\n\t\t<\/div>\n\t\t\t\t<div class=\"elementor-column elementor-col-50 elementor-top-column elementor-element elementor-element-68eccc6 elementor-invisible\" data-id=\"68eccc6\" data-element_type=\"column\" data-settings=\"{&quot;animation&quot;:&quot;fadeIn&quot;}\">\n\t\t\t<div class=\"elementor-widget-wrap elementor-element-populated\">\n\t\t\t\t\t\t<div class=\"elementor-element elementor-element-c441126 elementor-widget elementor-widget-image\" data-id=\"c441126\" data-element_type=\"widget\" data-widget_type=\"image.default\">\n\t\t\t\t<div class=\"elementor-widget-container\">\n\t\t\t\t\t\t\t\t\t\t\t\t\t\t\t<img fetchpriority=\"high\" decoding=\"async\" width=\"900\" height=\"628\" src=\"https:\/\/www.bmp-production.de\/wp-content\/uploads\/2023\/07\/BMP_Tabletten_Hero_01-1.jpg\" class=\"attachment-full size-full wp-image-1684\" alt=\"\" srcset=\"https:\/\/www.bmp-production.de\/wp-content\/uploads\/2023\/07\/BMP_Tabletten_Hero_01-1.jpg 900w, https:\/\/www.bmp-production.de\/wp-content\/uploads\/2023\/07\/BMP_Tabletten_Hero_01-1-300x209.jpg 300w, https:\/\/www.bmp-production.de\/wp-content\/uploads\/2023\/07\/BMP_Tabletten_Hero_01-1-768x536.jpg 768w\" sizes=\"(max-width: 900px) 100vw, 900px\" \/>\t\t\t\t\t\t\t\t\t\t\t\t\t\t\t<\/div>\n\t\t\t\t<\/div>\n\t\t\t\t\t<\/div>\n\t\t<\/div>\n\t\t\t\t\t<\/div>\n\t\t<\/section>\n\t\t\t\t<section data-particle_enable=\"false\" data-particle-mobile-disabled=\"false\" class=\"elementor-section elementor-top-section elementor-element elementor-element-a0db609 elementor-section-boxed elementor-section-height-default elementor-section-height-default\" data-id=\"a0db609\" data-element_type=\"section\" data-settings=\"{&quot;background_background&quot;:&quot;classic&quot;}\">\n\t\t\t\t\t\t<div class=\"elementor-container elementor-column-gap-default\">\n\t\t\t\t\t<div class=\"elementor-column elementor-col-100 elementor-top-column elementor-element elementor-element-23e49cc\" data-id=\"23e49cc\" data-element_type=\"column\">\n\t\t\t<div class=\"elementor-widget-wrap elementor-element-populated\">\n\t\t\t\t\t\t<div class=\"elementor-element elementor-element-fa69271 elementor-widget elementor-widget-heading\" data-id=\"fa69271\" data-element_type=\"widget\" data-widget_type=\"heading.default\">\n\t\t\t\t<div class=\"elementor-widget-container\">\n\t\t\t\t\t<h2 class=\"elementor-heading-title elementor-size-default\">Wide range of tablet sizes and shapes:<\/h2>\t\t\t\t<\/div>\n\t\t\t\t<\/div>\n\t\t\t\t\t<\/div>\n\t\t<\/div>\n\t\t\t\t\t<\/div>\n\t\t<\/section>\n\t\t\t\t<section data-particle_enable=\"false\" data-particle-mobile-disabled=\"false\" class=\"elementor-section elementor-top-section elementor-element elementor-element-ec562d8 elementor-section-boxed elementor-section-height-default elementor-section-height-default\" data-id=\"ec562d8\" data-element_type=\"section\" data-settings=\"{&quot;background_background&quot;:&quot;classic&quot;,&quot;animation_mobile&quot;:&quot;fadeIn&quot;}\">\n\t\t\t\t\t\t<div class=\"elementor-container elementor-column-gap-default\">\n\t\t\t\t\t<div class=\"elementor-column elementor-col-33 elementor-top-column elementor-element elementor-element-c57b988 elementor-invisible\" data-id=\"c57b988\" data-element_type=\"column\" data-settings=\"{&quot;animation&quot;:&quot;fadeIn&quot;}\">\n\t\t\t<div class=\"elementor-widget-wrap elementor-element-populated\">\n\t\t\t\t\t\t<div class=\"elementor-element elementor-element-0d49fe7 eael-infobox-icon-bg-shape-none eael-infobox-icon-hover-bg-shape-none elementor-widget elementor-widget-eael-info-box\" data-id=\"0d49fe7\" data-element_type=\"widget\" data-settings=\"{&quot;_animation&quot;:&quot;none&quot;}\" data-widget_type=\"eael-info-box.default\">\n\t\t\t\t<div class=\"elementor-widget-container\">\n\t\t\t\t\t        <div class=\"eael-infobox icon-on-left\">\n\t            <div class=\"infobox-icon eael-icon-only\">\n\n            \n                            <div class=\"infobox-icon-wrap\">\n                    <i aria-hidden=\"true\" class=\"far fa-check-circle\"><\/i>                <\/div>\n            \n            \n        <\/div>\n            <div class=\"infobox-content eael-icon-only\">\n                    <div class=\"infobox-title-section\">\n                <h3 class=\"title\">Tablets for swallowing, lozenges, chewable tablets<\/h3>            <\/div>\n                    <\/div>\n            <\/div>\n\n\t\t\t\t\t\t<\/div>\n\t\t\t\t<\/div>\n\t\t\t\t\t<\/div>\n\t\t<\/div>\n\t\t\t\t<div class=\"elementor-column elementor-col-33 elementor-top-column elementor-element elementor-element-db8e189 elementor-invisible\" data-id=\"db8e189\" data-element_type=\"column\" data-settings=\"{&quot;animation&quot;:&quot;fadeIn&quot;}\">\n\t\t\t<div class=\"elementor-widget-wrap elementor-element-populated\">\n\t\t\t\t\t\t<div class=\"elementor-element elementor-element-3b65867 eael-infobox-icon-bg-shape-none eael-infobox-icon-hover-bg-shape-none elementor-widget elementor-widget-eael-info-box\" data-id=\"3b65867\" data-element_type=\"widget\" data-widget_type=\"eael-info-box.default\">\n\t\t\t\t<div class=\"elementor-widget-container\">\n\t\t\t\t\t        <div class=\"eael-infobox icon-on-left\">\n\t            <div class=\"infobox-icon eael-icon-only\">\n\n            \n                            <div class=\"infobox-icon-wrap\">\n                    <i aria-hidden=\"true\" class=\"far fa-check-circle\"><\/i>                <\/div>\n            \n            \n        <\/div>\n            <div class=\"infobox-content eael-icon-only\">\n                    <div class=\"infobox-title-section\">\n                <h3 class=\"title\">Round biconvex tablets<br>9 mm, 11 mm or 13 mm<br><\/h3>            <\/div>\n                    <\/div>\n            <\/div>\n\n\t\t\t\t\t\t<\/div>\n\t\t\t\t<\/div>\n\t\t\t\t\t<\/div>\n\t\t<\/div>\n\t\t\t\t<div class=\"elementor-column elementor-col-33 elementor-top-column elementor-element elementor-element-f28e8a6 elementor-invisible\" data-id=\"f28e8a6\" data-element_type=\"column\" data-settings=\"{&quot;animation&quot;:&quot;fadeIn&quot;}\">\n\t\t\t<div class=\"elementor-widget-wrap elementor-element-populated\">\n\t\t\t\t\t\t<div class=\"elementor-element elementor-element-7702f2a eael-infobox-icon-bg-shape-none eael-infobox-icon-hover-bg-shape-none elementor-widget elementor-widget-eael-info-box\" data-id=\"7702f2a\" data-element_type=\"widget\" data-widget_type=\"eael-info-box.default\">\n\t\t\t\t<div class=\"elementor-widget-container\">\n\t\t\t\t\t        <div class=\"eael-infobox icon-on-left\">\n\t            <div class=\"infobox-icon eael-icon-only\">\n\n            \n                            <div class=\"infobox-icon-wrap\">\n                    <i aria-hidden=\"true\" class=\"far fa-check-circle\"><\/i>                <\/div>\n            \n            \n        <\/div>\n            <div class=\"infobox-content eael-icon-only\">\n                    <div class=\"infobox-title-section\">\n                <h3 class=\"title\">Elongated oblong tablets<br> 19 x 9 mm<br><\/h3>            <\/div>\n                    <\/div>\n            <\/div>\n\n\t\t\t\t\t\t<\/div>\n\t\t\t\t<\/div>\n\t\t\t\t\t<\/div>\n\t\t<\/div>\n\t\t\t\t\t<\/div>\n\t\t<\/section>\n\t\t\t\t<section data-particle_enable=\"false\" data-particle-mobile-disabled=\"false\" class=\"elementor-section elementor-top-section elementor-element elementor-element-eeb337b elementor-section-content-middle elementor-section-boxed elementor-section-height-default elementor-section-height-default\" data-id=\"eeb337b\" data-element_type=\"section\" data-settings=\"{&quot;background_background&quot;:&quot;classic&quot;}\">\n\t\t\t\t\t\t<div class=\"elementor-container elementor-column-gap-no\">\n\t\t\t\t\t<div class=\"elementor-column elementor-col-50 elementor-top-column elementor-element elementor-element-3c6f6e0 elementor-invisible\" data-id=\"3c6f6e0\" data-element_type=\"column\" data-settings=\"{&quot;background_background&quot;:&quot;classic&quot;,&quot;animation&quot;:&quot;fadeInLeft&quot;}\">\n\t\t\t<div class=\"elementor-widget-wrap elementor-element-populated\">\n\t\t\t\t\t\t<div class=\"elementor-element elementor-element-5442407 elementor-widget__width-initial elementor-widget-mobile__width-inherit animated-slow elementor-widget elementor-widget-heading\" data-id=\"5442407\" data-element_type=\"widget\" data-settings=\"{&quot;_animation&quot;:&quot;none&quot;}\" data-widget_type=\"heading.default\">\n\t\t\t\t<div class=\"elementor-widget-container\">\n\t\t\t\t\t<h2 class=\"elementor-heading-title elementor-size-default\">You want to learn more about our tablets?<\/h2>\t\t\t\t<\/div>\n\t\t\t\t<\/div>\n\t\t\t\t<div class=\"elementor-element elementor-element-8808db1 elementor-widget__width-initial elementor-widget-mobile__width-inherit elementor-widget elementor-widget-heading\" data-id=\"8808db1\" data-element_type=\"widget\" data-widget_type=\"heading.default\">\n\t\t\t\t<div class=\"elementor-widget-container\">\n\t\t\t\t\t<p class=\"elementor-heading-title elementor-size-default\">Let us know your requirements on size, shape or coating of the tablet. Our specialist team of product managers will be happy to get in touch with you.<\/p>\t\t\t\t<\/div>\n\t\t\t\t<\/div>\n\t\t\t\t<div class=\"elementor-element elementor-element-3cdd24d elementor-invisible elementor-widget elementor-widget-eael-creative-button\" data-id=\"3cdd24d\" data-element_type=\"widget\" data-settings=\"{&quot;_animation&quot;:&quot;fadeIn&quot;}\" data-widget_type=\"eael-creative-button.default\">\n\t\t\t\t<div class=\"elementor-widget-container\">\n\t\t\t\t\t        <div class=\"eael-creative-button-wrapper\">\n\n            <a class=\"eael-creative-button eael-creative-button--antiman\" href=\"https:\/\/www.bmp-production.de\/en\/anfrage\/\" data-text=\"Los geht&#039;s\">\n            \t    \n                <div class=\"creative-button-inner\">\n\n                    \n                    <span class=\"cretive-button-text\">Place your request<\/span>\n\n                                    <\/div>\n\t                        <\/a>\n        <\/div>\n        \t\t\t\t<\/div>\n\t\t\t\t<\/div>\n\t\t\t\t\t<\/div>\n\t\t<\/div>\n\t\t\t\t<div class=\"elementor-column elementor-col-50 elementor-top-column elementor-element elementor-element-e52d658 elementor-invisible\" data-id=\"e52d658\" data-element_type=\"column\" data-settings=\"{&quot;background_background&quot;:&quot;classic&quot;,&quot;animation&quot;:&quot;fadeInRight&quot;}\">\n\t\t\t<div class=\"elementor-widget-wrap elementor-element-populated\">\n\t\t\t\t\t<div class=\"elementor-background-overlay\"><\/div>\n\t\t\t\t\t\t<div class=\"elementor-element elementor-element-85013a1 elementor-widget elementor-widget-image\" data-id=\"85013a1\" data-element_type=\"widget\" data-widget_type=\"image.default\">\n\t\t\t\t<div class=\"elementor-widget-container\">\n\t\t\t\t\t\t\t\t\t\t\t\t\t\t\t<img decoding=\"async\" width=\"800\" height=\"558\" src=\"https:\/\/www.bmp-production.de\/wp-content\/uploads\/2024\/10\/BMP_Leistungen_Hero_02.jpg\" class=\"attachment-large size-large wp-image-5917\" alt=\"\" srcset=\"https:\/\/www.bmp-production.de\/wp-content\/uploads\/2024\/10\/BMP_Leistungen_Hero_02.jpg 900w, https:\/\/www.bmp-production.de\/wp-content\/uploads\/2024\/10\/BMP_Leistungen_Hero_02-300x209.jpg 300w, https:\/\/www.bmp-production.de\/wp-content\/uploads\/2024\/10\/BMP_Leistungen_Hero_02-768x536.jpg 768w, https:\/\/www.bmp-production.de\/wp-content\/uploads\/2024\/10\/BMP_Leistungen_Hero_02-18x12.jpg 18w\" sizes=\"(max-width: 800px) 100vw, 800px\" \/>\t\t\t\t\t\t\t\t\t\t\t\t\t\t\t<\/div>\n\t\t\t\t<\/div>\n\t\t\t\t\t<\/div>\n\t\t<\/div>\n\t\t\t\t\t<\/div>\n\t\t<\/section>\n\t\t\t\t<\/div>","protected":false},"excerpt":{"rendered":"<p>Tabletten Frisch gepresst \u2013 Ihre Tabletten von uns hergestellt Wir lieben (Ihre) Tabletten! Mit moderner Maschinentechnik pressen wir Tablettenmischungen in geringeren, gro\u00dfen und sehr gro\u00dfen Mengen. Unsere Technologien und unser Know-how beim Tablettieren erm\u00f6glichen es, den Einsatz von Hilfsstoffen im Produktionsprozess m\u00f6glichst gering zu halten. Die verf\u00fcgbaren Tablettenformate sind vielf\u00e4ltig \u2013 rund oder oblong in [&hellip;]<\/p>","protected":false},"author":1,"featured_media":0,"parent":84,"menu_order":0,"comment_status":"closed","ping_status":"closed","template":"elementor_header_footer","meta":{"footnotes":""},"class_list":["post-1148","page","type-page","status-publish","hentry"],"yoast_head":"<!-- This site is optimized with the Yoast SEO plugin v26.8 - https:\/\/yoast.com\/product\/yoast-seo-wordpress\/ -->\n<title>Tabletten - BMP Production GmbH<\/title>\n<meta name=\"robots\" content=\"index, follow, max-snippet:-1, max-image-preview:large, max-video-preview:-1\" \/>\n<link rel=\"canonical\" href=\"https:\/\/www.bmp-production.de\/en\/leistungen\/tabletten\/\" \/>\n<meta property=\"og:locale\" content=\"en_GB\" \/>\n<meta property=\"og:type\" content=\"article\" \/>\n<meta property=\"og:title\" content=\"Tabletten - BMP Production GmbH\" \/>\n<meta property=\"og:description\" content=\"Tabletten Frisch gepresst \u2013 Ihre Tabletten von uns hergestellt Wir lieben (Ihre) Tabletten! Mit moderner Maschinentechnik pressen wir Tablettenmischungen in geringeren, gro\u00dfen und sehr gro\u00dfen Mengen. Unsere Technologien und unser Know-how beim Tablettieren erm\u00f6glichen es, den Einsatz von Hilfsstoffen im Produktionsprozess m\u00f6glichst gering zu halten. Die verf\u00fcgbaren Tablettenformate sind vielf\u00e4ltig \u2013 rund oder oblong in [&hellip;]\" \/>\n<meta property=\"og:url\" content=\"https:\/\/www.bmp-production.de\/en\/leistungen\/tabletten\/\" \/>\n<meta property=\"og:site_name\" content=\"BMP Production GmbH\" \/>\n<meta property=\"article:modified_time\" content=\"2024-10-29T08:33:53+00:00\" \/>\n<meta property=\"og:image\" content=\"http:\/\/bmptest.30-jahre-bmp.de\/wp-content\/uploads\/2023\/07\/BMP_Tabletten_Hero_01-1.jpg\" \/>\n<meta name=\"twitter:card\" content=\"summary_large_image\" \/>\n<meta name=\"twitter:label1\" content=\"Estimated reading time\" \/>\n\t<meta name=\"twitter:data1\" content=\"2 minutes\" \/>\n<script type=\"application\/ld+json\" class=\"yoast-schema-graph\">{\"@context\":\"https:\/\/schema.org\",\"@graph\":[{\"@type\":\"WebPage\",\"@id\":\"https:\/\/www.bmp-production.de\/leistungen\/tabletten\/\",\"url\":\"https:\/\/www.bmp-production.de\/leistungen\/tabletten\/\",\"name\":\"Tabletten - BMP Production GmbH\",\"isPartOf\":{\"@id\":\"https:\/\/www.bmp-production.de\/en\/#website\"},\"primaryImageOfPage\":{\"@id\":\"https:\/\/www.bmp-production.de\/leistungen\/tabletten\/#primaryimage\"},\"image\":{\"@id\":\"https:\/\/www.bmp-production.de\/leistungen\/tabletten\/#primaryimage\"},\"thumbnailUrl\":\"http:\/\/bmptest.30-jahre-bmp.de\/wp-content\/uploads\/2023\/07\/BMP_Tabletten_Hero_01-1.jpg\",\"datePublished\":\"2023-07-02T11:28:30+00:00\",\"dateModified\":\"2024-10-29T08:33:53+00:00\",\"breadcrumb\":{\"@id\":\"https:\/\/www.bmp-production.de\/leistungen\/tabletten\/#breadcrumb\"},\"inLanguage\":\"en-GB\",\"potentialAction\":[{\"@type\":\"ReadAction\",\"target\":[\"https:\/\/www.bmp-production.de\/leistungen\/tabletten\/\"]}]},{\"@type\":\"ImageObject\",\"inLanguage\":\"en-GB\",\"@id\":\"https:\/\/www.bmp-production.de\/leistungen\/tabletten\/#primaryimage\",\"url\":\"http:\/\/bmptest.30-jahre-bmp.de\/wp-content\/uploads\/2023\/07\/BMP_Tabletten_Hero_01-1.jpg\",\"contentUrl\":\"http:\/\/bmptest.30-jahre-bmp.de\/wp-content\/uploads\/2023\/07\/BMP_Tabletten_Hero_01-1.jpg\"},{\"@type\":\"BreadcrumbList\",\"@id\":\"https:\/\/www.bmp-production.de\/leistungen\/tabletten\/#breadcrumb\",\"itemListElement\":[{\"@type\":\"ListItem\",\"position\":1,\"name\":\"Startseite\",\"item\":\"https:\/\/www.bmp-production.de\/en\/\"},{\"@type\":\"ListItem\",\"position\":2,\"name\":\"Leistungen\",\"item\":\"https:\/\/www.bmp-production.de\/leistungen\/\"},{\"@type\":\"ListItem\",\"position\":3,\"name\":\"Tabletten\"}]},{\"@type\":\"WebSite\",\"@id\":\"https:\/\/www.bmp-production.de\/en\/#website\",\"url\":\"https:\/\/www.bmp-production.de\/en\/\",\"name\":\"BMP Production GmbH\",\"description\":\"Lohnhersteller f\u00fcr Pharma &amp; Lebensmittel\",\"publisher\":{\"@id\":\"https:\/\/www.bmp-production.de\/en\/#organization\"},\"potentialAction\":[{\"@type\":\"SearchAction\",\"target\":{\"@type\":\"EntryPoint\",\"urlTemplate\":\"https:\/\/www.bmp-production.de\/en\/?s={search_term_string}\"},\"query-input\":{\"@type\":\"PropertyValueSpecification\",\"valueRequired\":true,\"valueName\":\"search_term_string\"}}],\"inLanguage\":\"en-GB\"},{\"@type\":\"Organization\",\"@id\":\"https:\/\/www.bmp-production.de\/en\/#organization\",\"name\":\"BMP Production GmbH\",\"url\":\"https:\/\/www.bmp-production.de\/en\/\",\"logo\":{\"@type\":\"ImageObject\",\"inLanguage\":\"en-GB\",\"@id\":\"https:\/\/www.bmp-production.de\/en\/#\/schema\/logo\/image\/\",\"url\":\"http:\/\/bmptest.30-jahre-bmp.de\/wp-content\/uploads\/2023\/06\/BMP_Production_Logo_Pos_RGB_600px.png\",\"contentUrl\":\"http:\/\/bmptest.30-jahre-bmp.de\/wp-content\/uploads\/2023\/06\/BMP_Production_Logo_Pos_RGB_600px.png\",\"width\":600,\"height\":213,\"caption\":\"BMP Production GmbH\"},\"image\":{\"@id\":\"https:\/\/www.bmp-production.de\/en\/#\/schema\/logo\/image\/\"}}]}<\/script>\n<!-- \/ Yoast SEO plugin. -->","yoast_head_json":{"title":"Tabletten - BMP Production GmbH","robots":{"index":"index","follow":"follow","max-snippet":"max-snippet:-1","max-image-preview":"max-image-preview:large","max-video-preview":"max-video-preview:-1"},"canonical":"https:\/\/www.bmp-production.de\/en\/leistungen\/tabletten\/","og_locale":"en_GB","og_type":"article","og_title":"Tabletten - BMP Production GmbH","og_description":"Tabletten Frisch gepresst \u2013 Ihre Tabletten von uns hergestellt Wir lieben (Ihre) Tabletten! Mit moderner Maschinentechnik pressen wir Tablettenmischungen in geringeren, gro\u00dfen und sehr gro\u00dfen Mengen. Unsere Technologien und unser Know-how beim Tablettieren erm\u00f6glichen es, den Einsatz von Hilfsstoffen im Produktionsprozess m\u00f6glichst gering zu halten. Die verf\u00fcgbaren Tablettenformate sind vielf\u00e4ltig \u2013 rund oder oblong in [&hellip;]","og_url":"https:\/\/www.bmp-production.de\/en\/leistungen\/tabletten\/","og_site_name":"BMP Production GmbH","article_modified_time":"2024-10-29T08:33:53+00:00","og_image":[{"url":"http:\/\/bmptest.30-jahre-bmp.de\/wp-content\/uploads\/2023\/07\/BMP_Tabletten_Hero_01-1.jpg","type":"","width":"","height":""}],"twitter_card":"summary_large_image","twitter_misc":{"Estimated reading time":"2 minutes"},"schema":{"@context":"https:\/\/schema.org","@graph":[{"@type":"WebPage","@id":"https:\/\/www.bmp-production.de\/leistungen\/tabletten\/","url":"https:\/\/www.bmp-production.de\/leistungen\/tabletten\/","name":"Tabletten - BMP Production GmbH","isPartOf":{"@id":"https:\/\/www.bmp-production.de\/en\/#website"},"primaryImageOfPage":{"@id":"https:\/\/www.bmp-production.de\/leistungen\/tabletten\/#primaryimage"},"image":{"@id":"https:\/\/www.bmp-production.de\/leistungen\/tabletten\/#primaryimage"},"thumbnailUrl":"http:\/\/bmptest.30-jahre-bmp.de\/wp-content\/uploads\/2023\/07\/BMP_Tabletten_Hero_01-1.jpg","datePublished":"2023-07-02T11:28:30+00:00","dateModified":"2024-10-29T08:33:53+00:00","breadcrumb":{"@id":"https:\/\/www.bmp-production.de\/leistungen\/tabletten\/#breadcrumb"},"inLanguage":"en-GB","potentialAction":[{"@type":"ReadAction","target":["https:\/\/www.bmp-production.de\/leistungen\/tabletten\/"]}]},{"@type":"ImageObject","inLanguage":"en-GB","@id":"https:\/\/www.bmp-production.de\/leistungen\/tabletten\/#primaryimage","url":"http:\/\/bmptest.30-jahre-bmp.de\/wp-content\/uploads\/2023\/07\/BMP_Tabletten_Hero_01-1.jpg","contentUrl":"http:\/\/bmptest.30-jahre-bmp.de\/wp-content\/uploads\/2023\/07\/BMP_Tabletten_Hero_01-1.jpg"},{"@type":"BreadcrumbList","@id":"https:\/\/www.bmp-production.de\/leistungen\/tabletten\/#breadcrumb","itemListElement":[{"@type":"ListItem","position":1,"name":"Startseite","item":"https:\/\/www.bmp-production.de\/en\/"},{"@type":"ListItem","position":2,"name":"Leistungen","item":"https:\/\/www.bmp-production.de\/leistungen\/"},{"@type":"ListItem","position":3,"name":"Tabletten"}]},{"@type":"WebSite","@id":"https:\/\/www.bmp-production.de\/en\/#website","url":"https:\/\/www.bmp-production.de\/en\/","name":"BMP Production GmbH","description":"Lohnhersteller f\u00fcr Pharma &amp; Lebensmittel","publisher":{"@id":"https:\/\/www.bmp-production.de\/en\/#organization"},"potentialAction":[{"@type":"SearchAction","target":{"@type":"EntryPoint","urlTemplate":"https:\/\/www.bmp-production.de\/en\/?s={search_term_string}"},"query-input":{"@type":"PropertyValueSpecification","valueRequired":true,"valueName":"search_term_string"}}],"inLanguage":"en-GB"},{"@type":"Organization","@id":"https:\/\/www.bmp-production.de\/en\/#organization","name":"BMP Production GmbH","url":"https:\/\/www.bmp-production.de\/en\/","logo":{"@type":"ImageObject","inLanguage":"en-GB","@id":"https:\/\/www.bmp-production.de\/en\/#\/schema\/logo\/image\/","url":"http:\/\/bmptest.30-jahre-bmp.de\/wp-content\/uploads\/2023\/06\/BMP_Production_Logo_Pos_RGB_600px.png","contentUrl":"http:\/\/bmptest.30-jahre-bmp.de\/wp-content\/uploads\/2023\/06\/BMP_Production_Logo_Pos_RGB_600px.png","width":600,"height":213,"caption":"BMP Production GmbH"},"image":{"@id":"https:\/\/www.bmp-production.de\/en\/#\/schema\/logo\/image\/"}}]}},"_links":{"self":[{"href":"https:\/\/www.bmp-production.de\/en\/wp-json\/wp\/v2\/pages\/1148","targetHints":{"allow":["GET"]}}],"collection":[{"href":"https:\/\/www.bmp-production.de\/en\/wp-json\/wp\/v2\/pages"}],"about":[{"href":"https:\/\/www.bmp-production.de\/en\/wp-json\/wp\/v2\/types\/page"}],"author":[{"embeddable":true,"href":"https:\/\/www.bmp-production.de\/en\/wp-json\/wp\/v2\/users\/1"}],"replies":[{"embeddable":true,"href":"https:\/\/www.bmp-production.de\/en\/wp-json\/wp\/v2\/comments?post=1148"}],"version-history":[{"count":16,"href":"https:\/\/www.bmp-production.de\/en\/wp-json\/wp\/v2\/pages\/1148\/revisions"}],"predecessor-version":[{"id":5982,"href":"https:\/\/www.bmp-production.de\/en\/wp-json\/wp\/v2\/pages\/1148\/revisions\/5982"}],"up":[{"embeddable":true,"href":"https:\/\/www.bmp-production.de\/en\/wp-json\/wp\/v2\/pages\/84"}],"wp:attachment":[{"href":"https:\/\/www.bmp-production.de\/en\/wp-json\/wp\/v2\/media?parent=1148"}],"curies":[{"name":"wp","href":"https:\/\/api.w.org\/{rel}","templated":true}]}}